{"id":92,"date":"2014-10-02T14:25:26","date_gmt":"2014-10-02T14:25:26","guid":{"rendered":"http:\/\/jalkiso.com\/neonat\/?page_id=92"},"modified":"2022-03-31T12:53:37","modified_gmt":"2022-03-31T12:53:37","slug":"posgrado-de-pediatria","status":"publish","type":"page","link":"https:\/\/jalkiso.com\/neonat\/?page_id=92","title":{"rendered":"Posgrado de Pediatr\u00eda.  Pasant\u00eda por Neonatolog\u00eda"},"content":{"rendered":"<p>POSGRADOS Y RESIDENTES DE PEDIATR\u00cdA<\/p>\n<p>SEMESTRE OCTUBRE 2021-MARZO 2022<\/p>\n<div dir=\"auto\">Posgrados y Residentes de Pediatria.<\/div>\n<div dir=\"auto\">&nbsp;<\/div>\n<div dir=\"auto\">Culmina hoy, este semestre de pasantia por Neonatolog\u00eda.<\/div>\n<div dir=\"auto\">&nbsp;<\/div>\n<div dir=\"auto\">Agradecerles, por todo lo que nos han brindado a nuestro Servicio.<\/div>\n<div dir=\"auto\">&nbsp;<\/div>\n<div dir=\"auto\">Horas y horas de mucho trabajo( verano de por medio), solucionando cientos de temas asistenciales, cl\u00ednicos y administrativos, con la necesidad de dar altas precoces &nbsp;o coordinar estudios o interconsultas , sabiendo la importancia que &nbsp;para ese reci\u00e9n nacido<\/p>\n<div>&nbsp;<\/div>\n<div>&nbsp;<\/div>\n<p>y su familia, ten\u00edan.<\/p><\/div>\n<div dir=\"auto\">&nbsp;<\/div>\n<div dir=\"auto\">Han crecido y madurado como futuros pediatras pero principalmente como personas.<\/div>\n<div dir=\"auto\">&nbsp;<\/div>\n<div dir=\"auto\">No s\u00f3lo han aprendido de Neonatolog\u00eda, sino de las problem\u00e1ticas sociales que viven muchos de &nbsp;estos ni\u00f1os con tan alta vulnerabilidad.<\/div>\n<div dir=\"auto\">&nbsp;<\/div>\n<div dir=\"auto\">Agradecer y felicitar, por la manera en que lo han realizado en estos meses, y por como se incluyeron en nuestro Servicio.<\/div>\n<div dir=\"auto\">&nbsp;<\/div>\n<div dir=\"auto\">Les espera un precioso y desafiante &nbsp;camino por delante, &nbsp;sepan que nuestras puertas siempre permanecer\u00e1n abiertas, para lo que precisen.<\/div>\n<div dir=\"auto\">&nbsp;<\/div>\n<div dir=\"auto\">Es solo un hasta luego.<\/div>\n<div dir=\"auto\">&nbsp;<\/div>\n<div dir=\"auto\">Gracias y felicitaciones.<\/div>\n<div dir=\"auto\">Daniel Borbonet.<\/div>\n<div dir=\"auto\">&nbsp;<\/div>\n<h3>Im\u00e1genes Relacionadas:<\/h3>","protected":false},"excerpt":{"rendered":"<p>POSGRADOS Y RESIDENTES DE PEDIATR\u00cdA SEMESTRE OCTUBRE 2021-MARZO 2022 Posgrados y Residentes de Pediatria. &nbsp; Culmina hoy, este semestre de pasantia por Neonatolog\u00eda. &nbsp; Agradecerles, por todo lo que nos han brindado a nuestro Servicio. &nbsp; Horas y horas de mucho trabajo( verano de por medio), solucionando cientos de temas asistenciales, cl\u00ednicos y administrativos, con [&hellip;]<\/p>\n","protected":false},"author":1,"featured_media":0,"parent":0,"menu_order":0,"comment_status":"closed","ping_status":"closed","template":"","meta":{"ngg_post_thumbnail":0,"footnotes":""},"class_list":["post-92","page","type-page","status-publish","hentry"],"_links":{"self":[{"href":"https:\/\/jalkiso.com\/neonat\/index.php?rest_route=\/wp\/v2\/pages\/92","targetHints":{"allow":["GET"]}}],"collection":[{"href":"https:\/\/jalkiso.com\/neonat\/index.php?rest_route=\/wp\/v2\/pages"}],"about":[{"href":"https:\/\/jalkiso.com\/neonat\/index.php?rest_route=\/wp\/v2\/types\/page"}],"author":[{"embeddable":true,"href":"https:\/\/jalkiso.com\/neonat\/index.php?rest_route=\/wp\/v2\/users\/1"}],"replies":[{"embeddable":true,"href":"https:\/\/jalkiso.com\/neonat\/index.php?rest_route=%2Fwp%2Fv2%2Fcomments&post=92"}],"version-history":[{"count":30,"href":"https:\/\/jalkiso.com\/neonat\/index.php?rest_route=\/wp\/v2\/pages\/92\/revisions"}],"predecessor-version":[{"id":1011,"href":"https:\/\/jalkiso.com\/neonat\/index.php?rest_route=\/wp\/v2\/pages\/92\/revisions\/1011"}],"wp:attachment":[{"href":"https:\/\/jalkiso.com\/neonat\/index.php?rest_route=%2Fwp%2Fv2%2Fmedia&parent=92"}],"curies":[{"name":"wp","href":"https:\/\/api.w.org\/{rel}","templated":true}]}}