{"id":76,"date":"2021-11-15T11:00:22","date_gmt":"2021-11-15T11:00:22","guid":{"rendered":"http:\/\/jalkiso.com\/neonat\/?page_id=76"},"modified":"2021-11-25T14:02:43","modified_gmt":"2021-11-25T14:02:43","slug":"cursos-y-congresos","status":"publish","type":"page","link":"https:\/\/jalkiso.com\/neonat\/?page_id=76","title":{"rendered":"Jornadas-Congresos-NOVEDADES"},"content":{"rendered":"<div id=\":oh\" class=\"ii gt\">\n<div dir=\"auto\">\n<p>&nbsp;<\/p>\n<p><a href=\"http:\/\/jalkiso.com\/neonat\/wp-content\/uploads\/2021\/11\/7F1E2704-C052-4247-B792-41EEC2A29184.jpeg\"><img loading=\"lazy\" decoding=\"async\" class=\"alignnone size-full wp-image-980\" src=\"http:\/\/jalkiso.com\/neonat\/wp-content\/uploads\/2021\/11\/7F1E2704-C052-4247-B792-41EEC2A29184.jpeg\" alt=\"\" width=\"794\" height=\"1175\" srcset=\"https:\/\/jalkiso.com\/neonat\/wp-content\/uploads\/2021\/11\/7F1E2704-C052-4247-B792-41EEC2A29184.jpeg 794w, https:\/\/jalkiso.com\/neonat\/wp-content\/uploads\/2021\/11\/7F1E2704-C052-4247-B792-41EEC2A29184-203x300.jpeg 203w, https:\/\/jalkiso.com\/neonat\/wp-content\/uploads\/2021\/11\/7F1E2704-C052-4247-B792-41EEC2A29184-692x1024.jpeg 692w, https:\/\/jalkiso.com\/neonat\/wp-content\/uploads\/2021\/11\/7F1E2704-C052-4247-B792-41EEC2A29184-768x1137.jpeg 768w\" sizes=\"auto, (max-width: 794px) 100vw, 794px\" \/><\/a><\/p>\n<p><iframe loading=\"lazy\" title=\"17\/11 D\u00eda Mundial del Ni\u00f1o Prematuro\" width=\"604\" height=\"340\" src=\"https:\/\/www.youtube.com\/embed\/FlNxDfjeIac?feature=oembed\" frameborder=\"0\" allow=\"accelerometer; autoplay; clipboard-write; encrypted-media; gyroscope; picture-in-picture; web-share\" referrerpolicy=\"strict-origin-when-cross-origin\" allowfullscreen><\/iframe><\/p>\n<iframe src=\"\/\/docs.google.com\/viewer?url=http%3A%2F%2Fjalkiso.com%2Fneonat%2Fwp-content%2Fuploads%2F2021%2F11%2FCAMINO-A-LA-INTEGRALIDAD-EN-LOS-CUIDADOS-DEL-NEONATO-Y-FAMILIA-EN-LAS-UNIDADESDRa-Giselle-Ettlin.pdf&hl=es&embedded=true\" class=\"gde-frame\" style=\"width:98%; height:500px; border: none;\" scrolling=\"no\"><\/iframe>\n<p class=\"gde-text\"><a href=\"http:\/\/jalkiso.com\/neonat\/wp-content\/uploads\/2021\/11\/CAMINO-A-LA-INTEGRALIDAD-EN-LOS-CUIDADOS-DEL-NEONATO-Y-FAMILIA-EN-LAS-UNIDADESDRa-Giselle-Ettlin.pdf\" class=\"gde-link\">Descargar (PDF, Desconocido)<\/a><\/p>\n<iframe src=\"\/\/docs.google.com\/viewer?url=http%3A%2F%2Fjalkiso.com%2Fneonat%2Fwp-content%2Fuploads%2F2021%2F11%2FCUIDADOS-DE-ENFERMERIA-.pdf&hl=es&embedded=true\" class=\"gde-frame\" style=\"width:98%; height:500px; border: none;\" scrolling=\"no\"><\/iframe>\n<p class=\"gde-text\"><a href=\"http:\/\/jalkiso.com\/neonat\/wp-content\/uploads\/2021\/11\/CUIDADOS-DE-ENFERMERIA-.pdf\" class=\"gde-link\">Descargar (PDF, Desconocido)<\/a><\/p>\n<iframe src=\"\/\/docs.google.com\/viewer?url=http%3A%2F%2Fjalkiso.com%2Fneonat%2Fwp-content%2Fuploads%2F2021%2F11%2FPROGRAMA-DE-FORTALECIMIENTO-PARA-LACTANCIA-MATERNA-EN-EL-SERVICIO-DE-RN-.pdf&hl=es&embedded=true\" class=\"gde-frame\" style=\"width:98%; height:500px; border: none;\" scrolling=\"no\"><\/iframe>\n<p class=\"gde-text\"><a href=\"http:\/\/jalkiso.com\/neonat\/wp-content\/uploads\/2021\/11\/PROGRAMA-DE-FORTALECIMIENTO-PARA-LACTANCIA-MATERNA-EN-EL-SERVICIO-DE-RN-.pdf\" class=\"gde-link\">Descargar (PDF, Desconocido)<\/a><\/p>\n<iframe src=\"\/\/docs.google.com\/viewer?url=http%3A%2F%2Fjalkiso.com%2Fneonat%2Fwp-content%2Fuploads%2F2021%2F11%2FACTUALES-Y-PROXIMOS-DESAFIOS-EN-LA-PREMATUREZ-Prof-Dr-Daniel-Borbonet-.pdf&hl=es&embedded=true\" class=\"gde-frame\" style=\"width:98%; height:500px; border: none;\" scrolling=\"no\"><\/iframe>\n<p class=\"gde-text\"><a href=\"http:\/\/jalkiso.com\/neonat\/wp-content\/uploads\/2021\/11\/ACTUALES-Y-PROXIMOS-DESAFIOS-EN-LA-PREMATUREZ-Prof-Dr-Daniel-Borbonet-.pdf\" class=\"gde-link\">Descargar (PDF, Desconocido)<\/a><\/p>\n<p>&nbsp;<\/p>\n<p><a href=\"http:\/\/jalkiso.com\/neonat\/wp-content\/uploads\/2021\/09\/3F21128A-96E2-4920-A493-9B83057DABF4.jpeg\"><img loading=\"lazy\" decoding=\"async\" class=\"alignnone size-full wp-image-971\" src=\"http:\/\/jalkiso.com\/neonat\/wp-content\/uploads\/2021\/09\/3F21128A-96E2-4920-A493-9B83057DABF4.jpeg\" alt=\"\" width=\"1080\" height=\"1080\" srcset=\"https:\/\/jalkiso.com\/neonat\/wp-content\/uploads\/2021\/09\/3F21128A-96E2-4920-A493-9B83057DABF4.jpeg 1080w, https:\/\/jalkiso.com\/neonat\/wp-content\/uploads\/2021\/09\/3F21128A-96E2-4920-A493-9B83057DABF4-300x300.jpeg 300w, https:\/\/jalkiso.com\/neonat\/wp-content\/uploads\/2021\/09\/3F21128A-96E2-4920-A493-9B83057DABF4-1024x1024.jpeg 1024w, https:\/\/jalkiso.com\/neonat\/wp-content\/uploads\/2021\/09\/3F21128A-96E2-4920-A493-9B83057DABF4-150x150.jpeg 150w, https:\/\/jalkiso.com\/neonat\/wp-content\/uploads\/2021\/09\/3F21128A-96E2-4920-A493-9B83057DABF4-768x768.jpeg 768w\" sizes=\"auto, (max-width: 1080px) 100vw, 1080px\" \/><\/a><\/p>\n<\/div>\n<div style=\"width: 604px;\" class=\"wp-video\"><video class=\"wp-video-shortcode\" id=\"video-76-1\" width=\"604\" height=\"340\" preload=\"metadata\" controls=\"controls\"><source type=\"video\/mp4\" src=\"http:\/\/jalkiso.com\/neonat\/wp-content\/uploads\/2021\/11\/IMG_0438.mp4?_=1\" \/><a href=\"http:\/\/jalkiso.com\/neonat\/wp-content\/uploads\/2021\/11\/IMG_0438.mp4\">http:\/\/jalkiso.com\/neonat\/wp-content\/uploads\/2021\/11\/IMG_0438.mp4<\/a><\/video><\/div>\n<div dir=\"auto\">\n<div style=\"width: 604px;\" class=\"wp-video\"><video class=\"wp-video-shortcode\" id=\"video-76-2\" width=\"604\" height=\"340\" preload=\"metadata\" controls=\"controls\"><source type=\"video\/mp4\" src=\"http:\/\/jalkiso.com\/neonat\/wp-content\/uploads\/2021\/09\/IMG_0436.mp4?_=2\" \/><a href=\"http:\/\/jalkiso.com\/neonat\/wp-content\/uploads\/2021\/09\/IMG_0436.mp4\">http:\/\/jalkiso.com\/neonat\/wp-content\/uploads\/2021\/09\/IMG_0436.mp4<\/a><\/video><\/div>\n<div style=\"width: 604px;\" class=\"wp-video\"><video class=\"wp-video-shortcode\" id=\"video-76-3\" width=\"604\" height=\"340\" preload=\"metadata\" controls=\"controls\"><source type=\"video\/mp4\" src=\"http:\/\/jalkiso.com\/neonat\/wp-content\/uploads\/2021\/09\/IMG_0437.mp4?_=3\" \/><a href=\"http:\/\/jalkiso.com\/neonat\/wp-content\/uploads\/2021\/09\/IMG_0437.mp4\">http:\/\/jalkiso.com\/neonat\/wp-content\/uploads\/2021\/09\/IMG_0437.mp4<\/a><\/video><\/div>\n<p>\n*Invitamos a todos a participar este jueves 9\/9, hora 11* <br \/>\ncon motivo de la celebraci\u00f3n del <br \/>\n*D\u00cdA NACIONAL DE LA PREVENCI\u00d3N DE LA PREMATUREZ*<\/p>\n<p>A la presentaci\u00f3n de *Indicadores de Prematurez, Seguimiento en el 1 er a\u00f1o de vida del Centro Hospitalario Pereira Rossell*<\/p>\n<p>Actividad organizada por la Fundaci\u00f3n Caldeyro Barcia en la cual participa Neonatolog\u00eda-Facultad de Medicina y Servicio de Reci\u00e9n Nacidos del CHPR.<\/p>\n<p>Unirse a la reuni\u00f3n Zoom<br \/>\nhttps:\/\/salavirtual-udelar.zoom.us\/j\/81670765843<\/p>\n<p>ID de reuni\u00f3n: 816 7076 5843<\/p>\n<\/div>\n<div dir=\"auto\">&nbsp;<\/div>\n<div dir=\"auto\">&nbsp;<\/div>\n<div dir=\"auto\">&nbsp;<\/div>\n<div dir=\"auto\">\nPresentaci\u00f3n de equipos de trabajo de Neonatolog\u00eda-Servicio de Reci\u00e9n Nacidos CHPR<\/div>\n<div dir=\"auto\">&nbsp;<\/div>\n<div id=\":pz\" class=\"a3s aiL \">\n<div class=\"kvgmc6g5 cxmmr5t8 oygrvhab hcukyx3x c1et5uql ii04i59q\">\n<div dir=\"auto\"><a href=\"https:\/\/youtu.be\/vBlSXB_aL6E\" target=\"_blank\" rel=\"noopener\">https:\/\/youtu.be\/vBlSXB_aL6E<\/a><\/div>\n<div dir=\"auto\">&nbsp;<\/div>\n<div dir=\"auto\"><iframe src=\"\/\/docs.google.com\/viewer?url=http%3A%2F%2Fjalkiso.com%2Fneonat%2Fwp-content%2Fuploads%2F2021%2F08%2FPrograma-XIII-Jornadas-Actualizaciones-en-Neonatologi%CC%81a-Set-2021-1.pdf&hl=es&embedded=true\" class=\"gde-frame\" style=\"width:98%; height:500px; border: none;\" scrolling=\"no\"><\/iframe>\n<p class=\"gde-text\"><a href=\"http:\/\/jalkiso.com\/neonat\/wp-content\/uploads\/2021\/08\/Programa-XIII-Jornadas-Actualizaciones-en-Neonatologi\u0301a-Set-2021-1.pdf\" class=\"gde-link\">Descargar (PDF, Desconocido)<\/a><\/p><\/div>\n<div dir=\"auto\"><a href=\"http:\/\/jalkiso.com\/neonat\/wp-content\/uploads\/2021\/08\/XIII-Jornadas-Actualizaciones-Neonatologia-1.jpg\"><img loading=\"lazy\" decoding=\"async\" class=\"alignnone size-full wp-image-952\" src=\"http:\/\/jalkiso.com\/neonat\/wp-content\/uploads\/2021\/08\/XIII-Jornadas-Actualizaciones-Neonatologia-1.jpg\" alt=\"\" width=\"1512\" height=\"2268\" srcset=\"https:\/\/jalkiso.com\/neonat\/wp-content\/uploads\/2021\/08\/XIII-Jornadas-Actualizaciones-Neonatologia-1.jpg 1512w, https:\/\/jalkiso.com\/neonat\/wp-content\/uploads\/2021\/08\/XIII-Jornadas-Actualizaciones-Neonatologia-1-200x300.jpg 200w, https:\/\/jalkiso.com\/neonat\/wp-content\/uploads\/2021\/08\/XIII-Jornadas-Actualizaciones-Neonatologia-1-683x1024.jpg 683w, https:\/\/jalkiso.com\/neonat\/wp-content\/uploads\/2021\/08\/XIII-Jornadas-Actualizaciones-Neonatologia-1-768x1152.jpg 768w, https:\/\/jalkiso.com\/neonat\/wp-content\/uploads\/2021\/08\/XIII-Jornadas-Actualizaciones-Neonatologia-1-1024x1536.jpg 1024w, https:\/\/jalkiso.com\/neonat\/wp-content\/uploads\/2021\/08\/XIII-Jornadas-Actualizaciones-Neonatologia-1-1365x2048.jpg 1365w\" sizes=\"auto, (max-width: 1512px) 100vw, 1512px\" \/><\/a><\/div>\n<div dir=\"auto\">&nbsp;<\/div>\n<div dir=\"auto\">COSTOS<\/div>\n<div dir=\"auto\">Enfermer\u00eda, Licenciad@s, T\u00e9cnic@s; m\u00e9dicos con menos de 5 a\u00f1os de recibidos $ 300<\/div>\n<div dir=\"auto\">M\u00e9dicos con m\u00e1s de 5 a\u00f1os de recibidos $ 600<\/div>\n<div dir=\"auto\">Correo: inscripciones@fpg.com.uy<\/div>\n<div dir=\"auto\">Pagos por<\/div>\n<div dir=\"auto\">_ Abitab Cta Colectivo Nro 117123<\/div>\n<div dir=\"auto\">_BROU CA $&nbsp; 000831834-00002 Titular Violeta Viettro<\/div>\n<\/div>\n<\/div>\n<\/div>\n<div dir=\"auto\">Se reciben inscripciones hasta el 31 de agosto de 2021<\/div>\n<div id=\":oh\" class=\"ii gt\">\n<div id=\":pz\" class=\"a3s aiL \">\n<div class=\"kvgmc6g5 cxmmr5t8 oygrvhab hcukyx3x c1et5uql ii04i59q\">\n<div dir=\"auto\">&nbsp;<\/div>\n<div dir=\"auto\">&nbsp;<\/div>\n<div dir=\"auto\">28 de Julio 2021<\/div>\n<\/div>\n<div class=\"o9v6fnle cxmmr5t8 oygrvhab hcukyx3x c1et5uql ii04i59q\">\n<div dir=\"auto\">En el d\u00eda de hoy, se realiz\u00f3 en el CTI de Reci\u00e9n Nacidos del H de la Mujer del CHPR, la primer cirug\u00eda cardiovascular de un reci\u00e9n nacido, con personal y equipamiento, EXCLUSIVO del CHPR.<\/div>\n<\/div>\n<div class=\"o9v6fnle cxmmr5t8 oygrvhab hcukyx3x c1et5uql ii04i59q\">\n<div dir=\"auto\">Cierre Quir\u00fargico del Ductus Arterioso Permeable, en un Reci\u00e9n Nacido prematuro 23 dias de vida, de 860 gramos de peso.<\/div>\n<\/div>\n<div class=\"o9v6fnle cxmmr5t8 oygrvhab hcukyx3x c1et5uql ii04i59q\">\n<div dir=\"auto\">\u00c9xito total.<\/div>\n<\/div>\n<div class=\"o9v6fnle cxmmr5t8 oygrvhab hcukyx3x c1et5uql ii04i59q\">\n<div dir=\"auto\">Hasta la fecha, estas intervenciones se realizaban, mediante licitaciones, con equipos cardioquir\u00fargicos externos privados.<\/div>\n<\/div>\n<div class=\"o9v6fnle cxmmr5t8 oygrvhab hcukyx3x c1et5uql ii04i59q\">\n<div dir=\"auto\">Felicitaciones a cirujanos, anestesistas, neonat\u00f3logos, enfermer\u00eda y auxiliares, por hacerloposible !!!!<\/div>\n<div dir=\"auto\"><a href=\"http:\/\/jalkiso.com\/neonat\/wp-content\/uploads\/2021\/07\/664B71C0-C991-45A6-88A3-45F82918F150.jpg\"><img loading=\"lazy\" decoding=\"async\" class=\"alignnone size-medium wp-image-920\" src=\"http:\/\/jalkiso.com\/neonat\/wp-content\/uploads\/2021\/07\/664B71C0-C991-45A6-88A3-45F82918F150-300x298.jpg\" alt=\"\" width=\"300\" height=\"298\" srcset=\"https:\/\/jalkiso.com\/neonat\/wp-content\/uploads\/2021\/07\/664B71C0-C991-45A6-88A3-45F82918F150-300x298.jpg 300w, https:\/\/jalkiso.com\/neonat\/wp-content\/uploads\/2021\/07\/664B71C0-C991-45A6-88A3-45F82918F150-1024x1018.jpg 1024w, https:\/\/jalkiso.com\/neonat\/wp-content\/uploads\/2021\/07\/664B71C0-C991-45A6-88A3-45F82918F150-150x150.jpg 150w, https:\/\/jalkiso.com\/neonat\/wp-content\/uploads\/2021\/07\/664B71C0-C991-45A6-88A3-45F82918F150-768x764.jpg 768w, https:\/\/jalkiso.com\/neonat\/wp-content\/uploads\/2021\/07\/664B71C0-C991-45A6-88A3-45F82918F150.jpg 1052w\" sizes=\"auto, (max-width: 300px) 100vw, 300px\" \/><\/a><\/div>\n<\/div>\n<\/div>\n<\/div>\n<div>&nbsp;<\/div>\n<div>&nbsp;<\/div>\n<div>.<\/div>\n<h3>Im\u00e1genes Relacionadas:<\/h3>","protected":false},"excerpt":{"rendered":"<p>&nbsp; &nbsp; *Invitamos a todos a participar este jueves 9\/9, hora 11* con motivo de la celebraci\u00f3n del *D\u00cdA NACIONAL DE LA PREVENCI\u00d3N DE LA PREMATUREZ* A la presentaci\u00f3n de *Indicadores de Prematurez, Seguimiento en el 1 er a\u00f1o de vida del Centro Hospitalario Pereira Rossell* Actividad organizada por la Fundaci\u00f3n Caldeyro Barcia en la [&hellip;]<\/p>\n","protected":false},"author":1,"featured_media":0,"parent":0,"menu_order":0,"comment_status":"closed","ping_status":"closed","template":"","meta":{"ngg_post_thumbnail":0,"footnotes":""},"class_list":["post-76","page","type-page","status-publish","hentry"],"_links":{"self":[{"href":"https:\/\/jalkiso.com\/neonat\/index.php?rest_route=\/wp\/v2\/pages\/76","targetHints":{"allow":["GET"]}}],"collection":[{"href":"https:\/\/jalkiso.com\/neonat\/index.php?rest_route=\/wp\/v2\/pages"}],"about":[{"href":"https:\/\/jalkiso.com\/neonat\/index.php?rest_route=\/wp\/v2\/types\/page"}],"author":[{"embeddable":true,"href":"https:\/\/jalkiso.com\/neonat\/index.php?rest_route=\/wp\/v2\/users\/1"}],"replies":[{"embeddable":true,"href":"https:\/\/jalkiso.com\/neonat\/index.php?rest_route=%2Fwp%2Fv2%2Fcomments&post=76"}],"version-history":[{"count":90,"href":"https:\/\/jalkiso.com\/neonat\/index.php?rest_route=\/wp\/v2\/pages\/76\/revisions"}],"predecessor-version":[{"id":1004,"href":"https:\/\/jalkiso.com\/neonat\/index.php?rest_route=\/wp\/v2\/pages\/76\/revisions\/1004"}],"wp:attachment":[{"href":"https:\/\/jalkiso.com\/neonat\/index.php?rest_route=%2Fwp%2Fv2%2Fmedia&parent=76"}],"curies":[{"name":"wp","href":"https:\/\/api.w.org\/{rel}","templated":true}]}}