{"id":641,"date":"2019-07-11T11:52:03","date_gmt":"2019-07-11T11:52:03","guid":{"rendered":"http:\/\/jalkiso.com\/neonat\/?page_id=641"},"modified":"2021-07-07T17:07:00","modified_gmt":"2021-07-07T17:07:00","slug":"diplomatura-en-estabilizacion-y-traslado-pediatrico-y-neonatal","status":"publish","type":"page","link":"https:\/\/jalkiso.com\/neonat\/?page_id=641","title":{"rendered":"Diplomatura en Estabilizaci\u00f3n y Traslado Pedi\u00e1trico y Neonatal"},"content":{"rendered":"<p style=\"text-align: center;\"><a href=\"https:\/\/jalkiso.com\/neonat\/?attachment_id=790\" rel=\"attachment wp-att-790\">Calendario 2021 Diplomatura de Estabilizacio\u0301n y Traslado Pedia\u0301trico y Neonatal 2021<\/a><\/p>\n<p style=\"text-align: center;\"><strong>CURSO DIPLOMATURA ESTABILIZACI\u00d3N Y TRASLADO 2021<\/strong><\/p>\n<table>\n<tbody>\n<tr>\n<td width=\"86\"><\/td>\n<td width=\"173\"><\/td>\n<td width=\"135\"><\/td>\n<td width=\"86\"><\/td>\n<td width=\"86\"><\/td>\n<\/tr>\n<tr>\n<td><\/td>\n<td><\/td>\n<td><\/td>\n<td><\/td>\n<td><\/td>\n<\/tr>\n<tr>\n<td><\/td>\n<td>Apellido, Nombre<\/td>\n<td><\/td>\n<td><\/td>\n<td><\/td>\n<\/tr>\n<tr>\n<td><\/td>\n<td><\/td>\n<td><\/td>\n<td><\/td>\n<td><\/td>\n<\/tr>\n<tr>\n<td>1<\/td>\n<td>Garc\u00eda, Ana Laura<\/td>\n<td><\/td>\n<td><\/td>\n<td><\/td>\n<\/tr>\n<tr>\n<td>2<\/td>\n<td>Draper, Florencia<\/td>\n<td><\/td>\n<td><\/td>\n<td><\/td>\n<\/tr>\n<tr>\n<td>3<\/td>\n<td>Ponce, Patricia<\/td>\n<td><\/td>\n<td><\/td>\n<td><\/td>\n<\/tr>\n<tr>\n<td>4<\/td>\n<td>Arizmendi, Patricia<\/td>\n<td><\/td>\n<td><\/td>\n<td><\/td>\n<\/tr>\n<tr>\n<td>5<\/td>\n<td>Olivera, Gabriela<\/td>\n<td><\/td>\n<td><\/td>\n<td><\/td>\n<\/tr>\n<tr>\n<td><\/td>\n<td><\/td>\n<td><\/td>\n<td><\/td>\n<td><\/td>\n<\/tr>\n<\/tbody>\n<\/table>\n<p>Coordinan: Asist Dr Andr\u00e9s Vigna, Prof, Adj. Dr. Guillermo Pose. Dpto de Neonatolog\u00eda CHPR<\/p>\n<h3>Im\u00e1genes Relacionadas:<\/h3>","protected":false},"excerpt":{"rendered":"<p>Calendario 2021 Diplomatura de Estabilizacio\u0301n y Traslado Pedia\u0301trico y Neonatal 2021 CURSO DIPLOMATURA ESTABILIZACI\u00d3N Y TRASLADO 2021 Apellido, Nombre 1 Garc\u00eda, Ana Laura 2 Draper, Florencia 3 Ponce, Patricia 4 Arizmendi, Patricia 5 Olivera, Gabriela Coordinan: Asist Dr Andr\u00e9s Vigna, Prof, Adj. Dr. Guillermo Pose. Dpto de Neonatolog\u00eda CHPR Im\u00e1genes Relacionadas:<\/p>\n","protected":false},"author":1,"featured_media":0,"parent":0,"menu_order":0,"comment_status":"closed","ping_status":"closed","template":"","meta":{"ngg_post_thumbnail":0,"footnotes":""},"class_list":["post-641","page","type-page","status-publish","hentry"],"_links":{"self":[{"href":"https:\/\/jalkiso.com\/neonat\/index.php?rest_route=\/wp\/v2\/pages\/641","targetHints":{"allow":["GET"]}}],"collection":[{"href":"https:\/\/jalkiso.com\/neonat\/index.php?rest_route=\/wp\/v2\/pages"}],"about":[{"href":"https:\/\/jalkiso.com\/neonat\/index.php?rest_route=\/wp\/v2\/types\/page"}],"author":[{"embeddable":true,"href":"https:\/\/jalkiso.com\/neonat\/index.php?rest_route=\/wp\/v2\/users\/1"}],"replies":[{"embeddable":true,"href":"https:\/\/jalkiso.com\/neonat\/index.php?rest_route=%2Fwp%2Fv2%2Fcomments&post=641"}],"version-history":[{"count":6,"href":"https:\/\/jalkiso.com\/neonat\/index.php?rest_route=\/wp\/v2\/pages\/641\/revisions"}],"predecessor-version":[{"id":791,"href":"https:\/\/jalkiso.com\/neonat\/index.php?rest_route=\/wp\/v2\/pages\/641\/revisions\/791"}],"wp:attachment":[{"href":"https:\/\/jalkiso.com\/neonat\/index.php?rest_route=%2Fwp%2Fv2%2Fmedia&parent=641"}],"curies":[{"name":"wp","href":"https:\/\/api.w.org\/{rel}","templated":true}]}}