{"id":62,"date":"2014-09-22T23:04:01","date_gmt":"2014-09-22T23:04:01","guid":{"rendered":"http:\/\/jalkiso.com\/neonat\/?page_id=62"},"modified":"2021-07-28T04:46:40","modified_gmt":"2021-07-28T04:46:40","slug":"postgrado-de-neonatologia","status":"publish","type":"page","link":"https:\/\/jalkiso.com\/neonat\/?page_id=62","title":{"rendered":"Posgrado de Neonatolog\u00eda"},"content":{"rendered":"<p>PROGRAMA POSGRADO DE NEONATOLOG\u00cdA:<\/p>\r\n<p style=\"text-align: left;\"><a href=\"http:\/\/www.egradu.fmed.edu.uy\/sites\/www.egradu.fmed.edu.uy\/files\/\/Programa_de_postgrados\/Especialidades\/NEONATOLOG%C3%8DA.pdf\">http:\/\/www.egradu.fmed.edu.uy\/sites\/www.egradu.fmed.edu.uy\/files\/\/Programa_de_postgrados\/Especialidades\/NEONATOLOG%C3%8DA.pdf<\/a><\/p>\r\n<div class=\"gmail-adL\"><a href=\"https:\/\/jalkiso.com\/neonat\/?attachment_id=800\" rel=\"attachment wp-att-800\">CRONOGRAMA M\u00d3DULOS DEL CURSO NEONATOLOG\u00cdA 2021<\/a><\/div>\r\n<div>&nbsp;<\/div>\r\n<div><a href=\"https:\/\/jalkiso.com\/neonat\/?attachment_id=798\" rel=\"attachment wp-att-798\">CRONOGRAMA M\u00d3DULO RESPIRATORIO 2021<\/a><\/div>\r\n<div>&nbsp;<\/div>\r\n<div><a href=\"https:\/\/jalkiso.com\/neonat\/?attachment_id=884\" rel=\"attachment wp-att-884\">CRONOGRAMA M\u00d3DULO INFECTOLOG\u00cdA 2021<\/a><\/div>\r\n<div>&nbsp;<\/div>\r\n<div>\r\n<table border=\"0\" frame=\"VOID\" rules=\"NONE\" cellspacing=\"0\">\r\n<tbody>\r\n<tr>\r\n<td align=\"LEFT\" valign=\"MIDDLE\" width=\"231\" height=\"20\">POSGRADO DE NEONATOLOG\u00cdA Abril 2021-Marzo 2022<\/td>\r\n<td align=\"LEFT\" valign=\"MIDDLE\" width=\"190\">&nbsp;<\/td>\r\n<\/tr>\r\n<tr>\r\n<td align=\"LEFT\" valign=\"MIDDLE\" height=\"20\">&nbsp;<\/td>\r\n<td align=\"LEFT\" valign=\"MIDDLE\">&nbsp;<\/td>\r\n<\/tr>\r\n<tr>\r\n<td align=\"LEFT\" valign=\"MIDDLE\" height=\"20\">BUZZETTI, MA P\u00cdA<\/td>\r\n<td align=\"LEFT\" valign=\"MIDDLE\">R3<\/td>\r\n<\/tr>\r\n<tr>\r\n<td align=\"LEFT\" valign=\"MIDDLE\" height=\"20\">CUNHA, JULIA<\/td>\r\n<td align=\"LEFT\" valign=\"MIDDLE\">P3<\/td>\r\n<\/tr>\r\n<tr>\r\n<td align=\"LEFT\" valign=\"MIDDLE\" height=\"20\">DA ROSA, DANIELE<\/td>\r\n<td align=\"LEFT\" valign=\"MIDDLE\">R2<\/td>\r\n<\/tr>\r\n<tr>\r\n<td align=\"LEFT\" valign=\"MIDDLE\" height=\"20\">DE FRANCO, MICAELA<\/td>\r\n<td align=\"LEFT\" valign=\"MIDDLE\">R2<\/td>\r\n<\/tr>\r\n<tr>\r\n<td align=\"LEFT\" valign=\"MIDDLE\" height=\"20\">FERNANDEZ, JOAQUIN<\/td>\r\n<td align=\"LEFT\" valign=\"MIDDLE\">P3<\/td>\r\n<\/tr>\r\n<tr>\r\n<td align=\"LEFT\" valign=\"MIDDLE\" height=\"20\">GALLO, SOLEDAD<\/td>\r\n<td align=\"LEFT\" valign=\"MIDDLE\">R3<\/td>\r\n<\/tr>\r\n<tr>\r\n<td align=\"LEFT\" valign=\"MIDDLE\" height=\"20\">GREISING, GABRIELA<\/td>\r\n<td align=\"LEFT\" valign=\"MIDDLE\">R3<\/td>\r\n<\/tr>\r\n<tr>\r\n<td align=\"LEFT\" valign=\"MIDDLE\" height=\"20\">L\u00d3PEZ, ELIANA<\/td>\r\n<td align=\"LEFT\" valign=\"MIDDLE\">R3<\/td>\r\n<\/tr>\r\n<tr>\r\n<td align=\"LEFT\" valign=\"MIDDLE\" height=\"20\">MASLIAH, VICTORIA<\/td>\r\n<td align=\"LEFT\" valign=\"MIDDLE\">R3<\/td>\r\n<\/tr>\r\n<tr>\r\n<td align=\"LEFT\" valign=\"MIDDLE\" height=\"20\">PATI\u00d1O, SOF\u00cdA<\/td>\r\n<td align=\"LEFT\" valign=\"MIDDLE\">R2<\/td>\r\n<\/tr>\r\n<tr>\r\n<td align=\"LEFT\" valign=\"MIDDLE\" height=\"20\">PEREZ, IGNACIO<\/td>\r\n<td align=\"LEFT\" valign=\"MIDDLE\">R2<\/td>\r\n<\/tr>\r\n<tr>\r\n<td align=\"LEFT\" valign=\"MIDDLE\" height=\"20\">PESCE, LIZA<\/td>\r\n<td align=\"LEFT\" valign=\"MIDDLE\">R3<\/td>\r\n<\/tr>\r\n<tr>\r\n<td align=\"LEFT\" valign=\"MIDDLE\" height=\"20\">PIETRO, MAXIMILIANO<\/td>\r\n<td align=\"LEFT\" valign=\"MIDDLE\">R2<\/td>\r\n<\/tr>\r\n<tr>\r\n<td align=\"LEFT\" valign=\"MIDDLE\" height=\"20\">PIZZORNO, NATALIA<\/td>\r\n<td align=\"LEFT\" valign=\"MIDDLE\">R3<\/td>\r\n<\/tr>\r\n<tr>\r\n<td align=\"LEFT\" valign=\"MIDDLE\" height=\"20\">RABAZA ROSMARY<\/td>\r\n<td align=\"LEFT\" valign=\"MIDDLE\">P3<\/td>\r\n<\/tr>\r\n<tr>\r\n<td align=\"LEFT\" valign=\"MIDDLE\" height=\"20\">RAMOS, VER\u00d3NICA<\/td>\r\n<td align=\"LEFT\" valign=\"MIDDLE\">P3<\/td>\r\n<\/tr>\r\n<tr>\r\n<td align=\"LEFT\" valign=\"MIDDLE\" height=\"20\">RU\u00cdZ D\u00cdAZ, ESTEFANI<\/td>\r\n<td align=\"LEFT\" valign=\"MIDDLE\">R2<\/td>\r\n<\/tr>\r\n<tr>\r\n<td align=\"LEFT\" valign=\"MIDDLE\" height=\"20\">SILVA, VANINA<\/td>\r\n<td align=\"LEFT\" valign=\"MIDDLE\">R3<\/td>\r\n<\/tr>\r\n<tr>\r\n<td align=\"LEFT\" valign=\"MIDDLE\" height=\"20\">UCHA, VANESSA<\/td>\r\n<td align=\"LEFT\" valign=\"MIDDLE\">R2<\/td>\r\n<\/tr>\r\n<tr>\r\n<td align=\"LEFT\" valign=\"MIDDLE\" height=\"20\">FABEIRO CONSTANZA<\/td>\r\n<td align=\"LEFT\" valign=\"MIDDLE\">R1<\/td>\r\n<\/tr>\r\n<tr>\r\n<td align=\"LEFT\" valign=\"MIDDLE\" height=\"20\">IHENFELD FLORENCIA<\/td>\r\n<td align=\"LEFT\" valign=\"MIDDLE\">R1<\/td>\r\n<\/tr>\r\n<tr>\r\n<td align=\"LEFT\" valign=\"MIDDLE\" height=\"20\">MACHADO FLORENCIA<\/td>\r\n<td align=\"LEFT\" valign=\"MIDDLE\">R1<\/td>\r\n<\/tr>\r\n<tr>\r\n<td align=\"LEFT\" valign=\"MIDDLE\" height=\"20\">FALIVENI SOF\u00cdA<\/td>\r\n<td align=\"LEFT\" valign=\"MIDDLE\">R1<\/td>\r\n<\/tr>\r\n<tr>\r\n<td align=\"LEFT\" valign=\"MIDDLE\" height=\"20\">RODR\u00cdGUEZ MARIANA<\/td>\r\n<td align=\"LEFT\" valign=\"MIDDLE\">R1<\/td>\r\n<\/tr>\r\n<tr>\r\n<td align=\"LEFT\" valign=\"MIDDLE\" height=\"20\">JELDRES CAMILA<\/td>\r\n<td align=\"LEFT\" valign=\"MIDDLE\">R1<\/td>\r\n<\/tr>\r\n<tr>\r\n<td align=\"LEFT\" valign=\"MIDDLE\" height=\"20\">AREOSA MAITE<\/td>\r\n<td align=\"LEFT\" valign=\"MIDDLE\">R1<\/td>\r\n<\/tr>\r\n<tr>\r\n<td align=\"LEFT\" valign=\"MIDDLE\" height=\"20\">RODR\u00cdGUEZ M\u00d3NICA<\/td>\r\n<td align=\"LEFT\" valign=\"MIDDLE\">P1<\/td>\r\n<\/tr>\r\n<tr>\r\n<td align=\"LEFT\" valign=\"MIDDLE\" height=\"20\">SEIJAS VER\u00d3NICA<\/td>\r\n<td align=\"LEFT\" valign=\"MIDDLE\">P1<\/td>\r\n<\/tr>\r\n<tr>\r\n<td align=\"LEFT\" valign=\"MIDDLE\" height=\"20\">L\u00d3PEZ WUILLIAM<\/td>\r\n<td align=\"LEFT\" valign=\"MIDDLE\">P1<\/td>\r\n<\/tr>\r\n<tr>\r\n<td align=\"LEFT\" valign=\"MIDDLE\" height=\"20\">RAM\u00cdREZ, MERCEDES<\/td>\r\n<td align=\"LEFT\" valign=\"MIDDLE\">COMEPA, R3, PAYSAND\u00da<\/td>\r\n<\/tr>\r\n<tr>\r\n<td align=\"LEFT\" valign=\"MIDDLE\" height=\"20\">CAMACHO, ALINSON<\/td>\r\n<td align=\"LEFT\" valign=\"MIDDLE\">MALDONADO, P3, HOSP.<\/td>\r\n<\/tr>\r\n<tr>\r\n<td align=\"LEFT\" valign=\"MIDDLE\" height=\"20\">NU\u00d1EZ, MA P\u00cdA<\/td>\r\n<td align=\"LEFT\" valign=\"MIDDLE\">MALDONADO,R2, LA ASIST.<\/td>\r\n<\/tr>\r\n<tr>\r\n<td align=\"LEFT\" valign=\"MIDDLE\" height=\"20\">CESIO, MA. EUGENIA<\/td>\r\n<td align=\"LEFT\" valign=\"MIDDLE\">POLICIAL, R2, HOSP.<\/td>\r\n<\/tr>\r\n<tr>\r\n<td align=\"LEFT\" valign=\"MIDDLE\" height=\"20\">PAZOS, ESTEFANY<\/td>\r\n<td align=\"LEFT\" valign=\"MIDDLE\">POLICIAL, R2, HOSP.<\/td>\r\n<\/tr>\r\n<tr>\r\n<td align=\"LEFT\" valign=\"MIDDLE\" height=\"20\">ALLIO, NATALIA<\/td>\r\n<td align=\"LEFT\" valign=\"MIDDLE\">POLICIAL, R3, HOSPITAL<\/td>\r\n<\/tr>\r\n<tr>\r\n<td align=\"LEFT\" valign=\"MIDDLE\" height=\"20\">VIANA, SEB\u00c1TI\u00c1N<\/td>\r\n<td align=\"LEFT\" valign=\"MIDDLE\">SALTO, P3, HOSPITAL<\/td>\r\n<\/tr>\r\n<tr>\r\n<td align=\"LEFT\" valign=\"MIDDLE\" height=\"20\">PARADA, MARIA<\/td>\r\n<td align=\"LEFT\" valign=\"MIDDLE\">MALDONADO, P2, POSG.<\/td>\r\n<\/tr>\r\n<tr>\r\n<td align=\"LEFT\" valign=\"MIDDLE\" height=\"20\">ARCE, ALICIA<\/td>\r\n<td align=\"LEFT\" valign=\"MIDDLE\">SALTO, R2, HOSPITAL<\/td>\r\n<\/tr>\r\n<tr>\r\n<td align=\"LEFT\" valign=\"MIDDLE\" height=\"20\">BERTUA, ELIANA<\/td>\r\n<td align=\"LEFT\" valign=\"MIDDLE\">SALTO, R3, HOSPITAL<\/td>\r\n<\/tr>\r\n<tr>\r\n<td align=\"LEFT\" valign=\"MIDDLE\" height=\"20\">TAVAREZ EMILIA<\/td>\r\n<td align=\"LEFT\" valign=\"MIDDLE\">POLICIAL, R1.<\/td>\r\n<\/tr>\r\n<tr>\r\n<td align=\"LEFT\" valign=\"MIDDLE\" height=\"20\">RIBERO VIRGINIA<\/td>\r\n<td align=\"LEFT\" valign=\"MIDDLE\">POLICIAL, R1.<\/td>\r\n<\/tr>\r\n<\/tbody>\r\n<\/table>\r\n<p>&nbsp;<\/p>\r\n<\/div>\r\n\r\n<p>&nbsp;<\/p>\r\n<h3>Im\u00e1genes Relacionadas:<\/h3>","protected":false},"excerpt":{"rendered":"<p>PROGRAMA POSGRADO DE NEONATOLOG\u00cdA: http:\/\/www.egradu.fmed.edu.uy\/sites\/www.egradu.fmed.edu.uy\/files\/\/Programa_de_postgrados\/Especialidades\/NEONATOLOG%C3%8DA.pdf CRONOGRAMA M\u00d3DULOS DEL CURSO NEONATOLOG\u00cdA 2021 &nbsp; CRONOGRAMA M\u00d3DULO RESPIRATORIO 2021 &nbsp; CRONOGRAMA M\u00d3DULO INFECTOLOG\u00cdA 2021 &nbsp; POSGRADO DE NEONATOLOG\u00cdA Abril 2021-Marzo 2022 &nbsp; &nbsp; &nbsp; BUZZETTI, MA P\u00cdA R3 CUNHA, JULIA P3 DA ROSA, DANIELE R2 DE FRANCO, MICAELA R2 FERNANDEZ, JOAQUIN P3 GALLO, SOLEDAD R3 GREISING, GABRIELA R3 [&hellip;]<\/p>\n","protected":false},"author":1,"featured_media":0,"parent":0,"menu_order":0,"comment_status":"closed","ping_status":"closed","template":"","meta":{"ngg_post_thumbnail":0,"footnotes":""},"class_list":["post-62","page","type-page","status-publish","hentry"],"_links":{"self":[{"href":"https:\/\/jalkiso.com\/neonat\/index.php?rest_route=\/wp\/v2\/pages\/62","targetHints":{"allow":["GET"]}}],"collection":[{"href":"https:\/\/jalkiso.com\/neonat\/index.php?rest_route=\/wp\/v2\/pages"}],"about":[{"href":"https:\/\/jalkiso.com\/neonat\/index.php?rest_route=\/wp\/v2\/types\/page"}],"author":[{"embeddable":true,"href":"https:\/\/jalkiso.com\/neonat\/index.php?rest_route=\/wp\/v2\/users\/1"}],"replies":[{"embeddable":true,"href":"https:\/\/jalkiso.com\/neonat\/index.php?rest_route=%2Fwp%2Fv2%2Fcomments&post=62"}],"version-history":[{"count":30,"href":"https:\/\/jalkiso.com\/neonat\/index.php?rest_route=\/wp\/v2\/pages\/62\/revisions"}],"predecessor-version":[{"id":886,"href":"https:\/\/jalkiso.com\/neonat\/index.php?rest_route=\/wp\/v2\/pages\/62\/revisions\/886"}],"wp:attachment":[{"href":"https:\/\/jalkiso.com\/neonat\/index.php?rest_route=%2Fwp%2Fv2%2Fmedia&parent=62"}],"curies":[{"name":"wp","href":"https:\/\/api.w.org\/{rel}","templated":true}]}}