{"id":439,"date":"2017-04-28T13:51:55","date_gmt":"2017-04-28T13:51:55","guid":{"rendered":"http:\/\/jalkiso.com\/neonat\/?page_id=439"},"modified":"2021-09-03T04:27:53","modified_gmt":"2021-09-03T04:27:53","slug":"guias-y-protocolos-neonatologia-chpr-2","status":"publish","type":"page","link":"https:\/\/jalkiso.com\/neonat\/?page_id=439","title":{"rendered":"Gu\u00edas y Protocolos Neonatolog\u00eda CHPR"},"content":{"rendered":"\r\n<div class=\"wp-block-group\">\r\n<div class=\"wp-block-group__inner-container is-layout-flow wp-block-group-is-layout-flow\">\r\n<p><a href=\"https:\/\/jalkiso.com\/neonat\/?attachment_id=787\" rel=\"attachment wp-att-787\">Gu\u00eda Uso Sacarosa 2020<\/a><\/p>\r\n<p><a href=\"https:\/\/jalkiso.com\/neonat\/?attachment_id=786\" rel=\"attachment wp-att-786\">GU\u00cdA DE REFERENCIA RN-CHPR COVID-19 4-06-2021<\/a><\/p>\r\n<p><iframe src=\"\/\/docs.google.com\/viewer?url=http%3A%2F%2Fjalkiso.com%2Fneonat%2Fwp-content%2Fuploads%2F2017%2F04%2FInfecci%C3%B3n-connatal-.-Pautas-9-2012.pdf&hl=es&embedded=true\" class=\"gde-frame\" style=\"width:98%; height:500px; border: none;\" scrolling=\"no\"><\/iframe>\n<p class=\"gde-text\"><a href=\"http:\/\/jalkiso.com\/neonat\/wp-content\/uploads\/2017\/04\/Infecci\u00f3n-connatal-.-Pautas-9-2012.pdf\" class=\"gde-link\">Descargar (PDF, Desconocido)<\/a><\/p><iframe src=\"\/\/docs.google.com\/viewer?url=http%3A%2F%2Fjalkiso.com%2Fneonat%2Fwp-content%2Fuploads%2F2017%2F04%2FPauta-ictericia.pdf&hl=es&embedded=true\" class=\"gde-frame\" style=\"width:98%; height:500px; border: none;\" scrolling=\"no\"><\/iframe>\n<p class=\"gde-text\"><a href=\"http:\/\/jalkiso.com\/neonat\/wp-content\/uploads\/2017\/04\/Pauta-ictericia.pdf\" class=\"gde-link\">Descargar (PDF, Desconocido)<\/a><\/p><iframe src=\"\/\/docs.google.com\/viewer?url=http%3A%2F%2Fjalkiso.com%2Fneonat%2Fwp-content%2Fuploads%2F2017%2F04%2FVit-K-pauta.pdf&hl=es&embedded=true\" class=\"gde-frame\" style=\"width:98%; height:500px; border: none;\" scrolling=\"no\"><\/iframe>\n<p class=\"gde-text\"><a href=\"http:\/\/jalkiso.com\/neonat\/wp-content\/uploads\/2017\/04\/Vit-K-pauta.pdf\" class=\"gde-link\">Descargar (PDF, Desconocido)<\/a><\/p><\/p>\r\n<p><iframe src=\"\/\/docs.google.com\/viewer?url=http%3A%2F%2Fjalkiso.com%2Fneonat%2Fwp-content%2Fuploads%2F2017%2F04%2FAsistencia-y-estabilizacio%CC%81n-en-sala-de-nacimientos.pdf&hl=es&embedded=true\" class=\"gde-frame\" style=\"width:98%; height:500px; border: none;\" scrolling=\"no\"><\/iframe>\n<p class=\"gde-text\"><a href=\"http:\/\/jalkiso.com\/neonat\/wp-content\/uploads\/2017\/04\/Asistencia-y-estabilizacio\u0301n-en-sala-de-nacimientos.pdf\" class=\"gde-link\">Descargar (PDF, Desconocido)<\/a><\/p><iframe src=\"\/\/docs.google.com\/viewer?url=http%3A%2F%2Fjalkiso.com%2Fneonat%2Fwp-content%2Fuploads%2F2017%2F04%2FProtocolo-Salida-Voluntaria-Hospitalaria-Servicio-RN-CHPR.pdf&hl=es&embedded=true\" class=\"gde-frame\" style=\"width:98%; height:500px; border: none;\" scrolling=\"no\"><\/iframe>\n<p class=\"gde-text\"><a href=\"http:\/\/jalkiso.com\/neonat\/wp-content\/uploads\/2017\/04\/Protocolo-Salida-Voluntaria-Hospitalaria-Servicio-RN-CHPR.pdf\" class=\"gde-link\">Descargar (PDF, 77KB)<\/a><\/p><\/p>\r\n<p><iframe src=\"\/\/docs.google.com\/viewer?url=http%3A%2F%2Fjalkiso.com%2Fneonat%2Fwp-content%2Fuploads%2F2017%2F04%2FManejo-del-ductus-arterioso-permeable.pdf&hl=es&embedded=true\" class=\"gde-frame\" style=\"width:98%; height:500px; border: none;\" scrolling=\"no\"><\/iframe>\n<p class=\"gde-text\"><a href=\"http:\/\/jalkiso.com\/neonat\/wp-content\/uploads\/2017\/04\/Manejo-del-ductus-arterioso-permeable.pdf\" class=\"gde-link\">Descargar (PDF, Desconocido)<\/a><\/p><iframe src=\"\/\/docs.google.com\/viewer?url=http%3A%2F%2Fjalkiso.com%2Fneonat%2Fwp-content%2Fuploads%2F2017%2F04%2FHIPOGLICEMIA.pdf&hl=es&embedded=true\" class=\"gde-frame\" style=\"width:98%; height:500px; border: none;\" scrolling=\"no\"><\/iframe>\n<p class=\"gde-text\"><a href=\"http:\/\/jalkiso.com\/neonat\/wp-content\/uploads\/2017\/04\/HIPOGLICEMIA.pdf\" class=\"gde-link\">Descargar (PDF, 76KB)<\/a><\/p><iframe src=\"\/\/docs.google.com\/viewer?url=http%3A%2F%2Fjalkiso.com%2Fneonat%2Fwp-content%2Fuploads%2F2017%2F04%2FRECOMENDACIONES-PARA-EL-MANEJO-DEL-RECIEN-NACIDO-HIJO-DE-MADRE-PORtaDORA-DE-HIV.pdf&hl=es&embedded=true\" class=\"gde-frame\" style=\"width:98%; height:500px; border: none;\" scrolling=\"no\"><\/iframe>\n<p class=\"gde-text\"><a href=\"http:\/\/jalkiso.com\/neonat\/wp-content\/uploads\/2017\/04\/RECOMENDACIONES-PARA-EL-MANEJO-DEL-RECIEN-NACIDO-HIJO-DE-MADRE-PORtaDORA-DE-HIV.pdf\" class=\"gde-link\">Descargar (PDF, 63KB)<\/a><\/p><\/p>\r\n<p><iframe src=\"\/\/docs.google.com\/viewer?url=http%3A%2F%2Fjalkiso.com%2Fneonat%2Fwp-content%2Fuploads%2F2017%2F04%2FRecomendaciones-para-prevenir-la-trasmisio%CC%81n-perinatal-de-Hepatitis-B.pdf&hl=es&embedded=true\" class=\"gde-frame\" style=\"width:98%; height:500px; border: none;\" scrolling=\"no\"><\/iframe>\n<p class=\"gde-text\"><a href=\"http:\/\/jalkiso.com\/neonat\/wp-content\/uploads\/2017\/04\/Recomendaciones-para-prevenir-la-trasmisio\u0301n-perinatal-de-Hepatitis-B.pdf\" class=\"gde-link\">Descargar (PDF, 99KB)<\/a><\/p><iframe src=\"\/\/docs.google.com\/viewer?url=http%3A%2F%2Fjalkiso.com%2Fneonat%2Fwp-content%2Fuploads%2F2017%2F04%2FTETANOS.pdf&hl=es&embedded=true\" class=\"gde-frame\" style=\"width:98%; height:500px; border: none;\" scrolling=\"no\"><\/iframe>\n<p class=\"gde-text\"><a href=\"http:\/\/jalkiso.com\/neonat\/wp-content\/uploads\/2017\/04\/TETANOS.pdf\" class=\"gde-link\">Descargar (PDF, Desconocido)<\/a><\/p><iframe src=\"\/\/docs.google.com\/viewer?url=http%3A%2F%2Fjalkiso.com%2Fneonat%2Fwp-content%2Fuploads%2F2017%2F04%2FMSP_GUIA_SIFILIS_VIH_10dic2013.pdf&hl=es&embedded=true\" class=\"gde-frame\" style=\"width:98%; height:500px; border: none;\" scrolling=\"no\"><\/iframe>\n<p class=\"gde-text\"><a href=\"http:\/\/jalkiso.com\/neonat\/wp-content\/uploads\/2017\/04\/MSP_GUIA_SIFILIS_VIH_10dic2013.pdf\" class=\"gde-link\">Descargar (PDF, Desconocido)<\/a><\/p><\/p>\r\n<p>GU\u00cdA BRONQUIOLITIS PEDIATR\u00cdA<\/p>\r\n<iframe src=\"\/\/docs.google.com\/viewer?url=http%3A%2F%2Fjalkiso.com%2Fneonat%2Fwp-content%2Fuploads%2F2017%2F04%2Fdiagnostico_tratamiento_bronquiolitis_05_06_017_hoja.pdf&hl=es&embedded=true\" class=\"gde-frame\" style=\"width:98%; height:500px; border: none;\" scrolling=\"no\"><\/iframe>\n<p class=\"gde-text\"><a href=\"http:\/\/jalkiso.com\/neonat\/wp-content\/uploads\/2017\/04\/diagnostico_tratamiento_bronquiolitis_05_06_017_hoja.pdf\" class=\"gde-link\">Descargar (PDF, Desconocido)<\/a><\/p>\r\n<p>CLAMPEO DE CORDON. Dpto. de Neonatolog\u00eda. CHPR<\/p>\r\n<iframe src=\"\/\/docs.google.com\/viewer?url=http%3A%2F%2Fjalkiso.com%2Fneonat%2Fwp-content%2Fuploads%2F2017%2F04%2FClampeo-de-cord%C3%B3n-Neonatolog%C3%ADa-CHPR.pdf&hl=es&embedded=true\" class=\"gde-frame\" style=\"width:98%; height:500px; border: none;\" scrolling=\"no\"><\/iframe>\n<p class=\"gde-text\"><a href=\"http:\/\/jalkiso.com\/neonat\/wp-content\/uploads\/2017\/04\/Clampeo-de-cord\u00f3n-Neonatolog\u00eda-CHPR.pdf\" class=\"gde-link\">Descargar (PDF, Desconocido)<\/a><\/p>\r\n<\/div>\r\n<\/div>\r\n<h3>Im\u00e1genes Relacionadas:<\/h3>","protected":false},"excerpt":{"rendered":"<p>Gu\u00eda Uso Sacarosa 2020 GU\u00cdA DE REFERENCIA RN-CHPR COVID-19 4-06-2021 GU\u00cdA BRONQUIOLITIS PEDIATR\u00cdA CLAMPEO DE CORDON. Dpto. de Neonatolog\u00eda. CHPR Im\u00e1genes Relacionadas:<\/p>\n","protected":false},"author":1,"featured_media":0,"parent":0,"menu_order":0,"comment_status":"closed","ping_status":"closed","template":"","meta":{"ngg_post_thumbnail":0,"footnotes":""},"class_list":["post-439","page","type-page","status-publish","hentry"],"_links":{"self":[{"href":"https:\/\/jalkiso.com\/neonat\/index.php?rest_route=\/wp\/v2\/pages\/439","targetHints":{"allow":["GET"]}}],"collection":[{"href":"https:\/\/jalkiso.com\/neonat\/index.php?rest_route=\/wp\/v2\/pages"}],"about":[{"href":"https:\/\/jalkiso.com\/neonat\/index.php?rest_route=\/wp\/v2\/types\/page"}],"author":[{"embeddable":true,"href":"https:\/\/jalkiso.com\/neonat\/index.php?rest_route=\/wp\/v2\/users\/1"}],"replies":[{"embeddable":true,"href":"https:\/\/jalkiso.com\/neonat\/index.php?rest_route=%2Fwp%2Fv2%2Fcomments&post=439"}],"version-history":[{"count":14,"href":"https:\/\/jalkiso.com\/neonat\/index.php?rest_route=\/wp\/v2\/pages\/439\/revisions"}],"predecessor-version":[{"id":957,"href":"https:\/\/jalkiso.com\/neonat\/index.php?rest_route=\/wp\/v2\/pages\/439\/revisions\/957"}],"wp:attachment":[{"href":"https:\/\/jalkiso.com\/neonat\/index.php?rest_route=%2Fwp%2Fv2%2Fmedia&parent=439"}],"curies":[{"name":"wp","href":"https:\/\/api.w.org\/{rel}","templated":true}]}}