{"id":43,"date":"2014-09-22T21:43:28","date_gmt":"2014-09-22T21:43:28","guid":{"rendered":"http:\/\/jalkiso.com\/neonat\/?page_id=43"},"modified":"2021-07-28T05:20:29","modified_gmt":"2021-07-28T05:20:29","slug":"docentes","status":"publish","type":"page","link":"https:\/\/jalkiso.com\/neonat\/?page_id=43","title":{"rendered":"Actividades docentes semanales"},"content":{"rendered":"\r\n<p>TODAS LAS ACTIVIDADES SE REALIZAN EN MODALIDAD ON LINE, por plataforma Zoom.<\/p>\r\n\r\n\r\n<p><span style=\"font-family: Calibri,sans-serif;\"><b>PASE DE GUARDIA<\/b><\/span><span style=\"font-family: Calibri,sans-serif;\"> \u2013 <\/span><\/p>\r\n\r\n\r\n<p><span style=\"font-family: Calibri,sans-serif;\">8:00 a 8:30 hs. (lunes a viernes)<\/span><\/p>\r\n\r\n\r\n<p><span style=\"font-family: Calibri,sans-serif;\"><b>LUNES<\/b><\/span><span style=\"font-family: Calibri,sans-serif;\"> \u2013 11:00 a 12:00 hs. Ateneo Perinatal en conjunto con Ginecolog\u00eda <span style=\"font-size: medium;\">(Actividad <\/span><span style=\"font-family: Calibri,sans-serif;\"><span style=\"font-size: medium;\">Modalidad On line, por Zoom)<\/span><\/span><\/span><\/p>\r\n\r\n\r\n<p><span style=\"font-family: Calibri,sans-serif;\">De marzo a diciembre Doc Resp. Asist. Dra Tatiana Gagliardi <\/span><\/p>\r\n\r\n\r\n<p><span style=\"font-family: Calibri,sans-serif;\"><b>MARTES<\/b><\/span><span style=\"font-family: Calibri,sans-serif;\"> \u2013 <\/span><span style=\"font-family: Calibri,sans-serif;\"><span style=\"font-size: medium;\">(Actividad <\/span><\/span><span style=\"font-family: Calibri,sans-serif;\"><span style=\"font-size: medium;\">Modalidad On line, por Zoom)<\/span><\/span><\/p>\r\n\r\n\r\n<p><span style=\"font-family: Calibri,sans-serif;\">8:45 a 9:45 hs. <\/span><span style=\"font-family: Calibri,sans-serif;\">Discusi\u00f3n de Casos Cl\u00ednicos por Teleconferencia<\/span><\/p>\r\n\r\n\r\n<p><span style=\"font-family: Calibri,sans-serif;\">Doc. Responsables: Prof. Agdo. Dr. Mario Moraes,<\/span><\/p>\r\n\r\n\r\n<p><span style=\"font-family: Calibri,sans-serif;\">Coordina: Dra. Manuela De Mar\u00eda<\/span><\/p>\r\n\r\n\r\n<p><span style=\"font-family: Calibri,sans-serif;\"><b>MI\u00c9RCOLES<\/b><\/span><span style=\"font-family: Calibri,sans-serif;\"> \u2013 <\/span><span style=\"font-family: Calibri,sans-serif;\"><span style=\"font-size: medium;\">(<\/span><\/span><span style=\"font-family: Calibri,sans-serif;\"><span style=\"font-size: medium;\">Modalidad On line, por Zoom)<\/span><\/span><\/p>\r\n\r\n\r\n<p><span style=\"font-family: Calibri,sans-serif;\">8:30 a 9:00 hs. <\/span><span style=\"font-family: Calibri,sans-serif;\">Ateneo en conjunto con Cirujanos <\/span><\/p>\r\n\r\n\r\n<p><span style=\"font-family: Calibri,sans-serif;\">Doc resp. Asist. Dr. \u00c1lvaro Dendi<\/span><\/p>\r\n\r\n\r\n<p><span style=\"font-family: Calibri,sans-serif;\">9:30 h C<span style=\"font-size: medium;\">urso-Taller Ecocardiografia para Neonat\u00f3logos&nbsp; <\/span><\/span><span style=\"font-family: Calibri,sans-serif;\"><span style=\"font-size: medium;\">(herramientas b\u00e1sicas para neonatolog\u00eda intensiva)<\/span><\/span><\/p>\r\n\r\n\r\n<p><span style=\"font-family: Calibri,sans-serif;\"><span style=\"font-size: medium;\">Doc. Resp. : Prof. Adj. Dr. Guillermo Pose.<\/span><\/span><\/p>\r\n\r\n\r\n<p><span style=\"font-family: Calibri,sans-serif;\"><b>JUEVES- <\/b><span style=\"font-family: Calibri,sans-serif;\"><span style=\"font-size: medium;\">(<\/span><\/span><span style=\"font-size: medium;\">Modalidad On line, por Zoom)<\/span><\/span><\/p>\r\n\r\n\r\n<p><span style=\"font-family: Calibri,sans-serif;\">8:30 hrs Seminarios para Pediatr\u00eda e Internos <\/span><\/p>\r\n\r\n\r\n<p><span style=\"font-family: Calibri,sans-serif;\">Resp. Doc. Prof. Adj. Dr. Guillermo Pose&nbsp; <\/span><span style=\"font-family: Calibri,sans-serif;\">Coordina: Asist. Dra. Claudia Mill\u00e1n<br>\r\n<\/span><\/p>\r\n\r\n\r\n<p><span style=\"font-family: Calibri,sans-serif;\">14:00 a 16:00 hs M\u00f3dulos de Neonatolog\u00eda <\/span><\/p>\r\n\r\n\r\n<p><span style=\"font-family: Calibri,sans-serif;\">Responsables docentes Prof. Agdo. Dr. Mario Moraes, Prof. Agdo. Dr. Fernando Silvera, Prof. Agda. Dra. Marianela Rodr\u00edguez (Neo HC), Prof. Adj. Dra Helena Sobrero<\/span><\/p>\r\n\r\n\r\n<p><span style=\"font-family: Calibri,sans-serif;\">Coordinan: Jefa de Residentes Dra Jennise De los Santos, Jefe de Residentes Dr. Martin Lorenzo<b><\/b><\/span><\/p>\r\n\r\n\r\n<p><span style=\"font-family: Calibri,sans-serif;\"><b>VIERNES- <\/b><span style=\"font-family: Calibri,sans-serif;\"><span style=\"font-size: medium;\">(<\/span><\/span><span style=\"font-size: medium;\">Modalidad On line, por Zoom)<\/span><\/span><\/p>\r\n\r\n\r\n<p><span style=\"font-family: Calibri,sans-serif;\">8:00<\/span><b> <\/b><span style=\"font-family: Calibri,sans-serif;\">hrs<\/span><b> <\/b><span style=\"font-family: Calibri,sans-serif;\">Pase de Guardia con Ginecolog\u00eda<\/span><\/p>\r\n\r\n\r\n<p><span style=\"font-family: Calibri,sans-serif;\">11:00 hs Ateneo Intercl\u00ednico.&nbsp; Coordina Instituo de Pediatr\u00eda <\/span><\/p>\r\n\r\n\r\n<p class=\"has-background\" style=\"background-color: #7be8ef;\"><span style=\"font-family: Calibri,sans-serif;\"><span style=\"font-family: Calibri,sans-serif;\"><span style=\"font-size: medium;\">(<\/span><\/span><span style=\"font-size: medium;\">Modalidad On line, por Zoom)<\/span><\/span><\/p>\r\n\r\n\r\n<p>15:00 h Lectura cr\u00edtica de art\u00edculos cient\u00edficos <span style=\"font-family: Calibri,sans-serif;\"><b> <\/b><span style=\"font-size: medium;\">(<\/span><span style=\"font-size: medium;\">Modalidad On line, por Zoom)<\/span><\/span><\/p>\r\n\r\n\r\n<p>Docente responsable Prof. Agdo. Dr. Fernando Silvera Coordina Asist. Dra Tamara Herrera<\/p>\r\n<h3>Im\u00e1genes Relacionadas:<\/h3>","protected":false},"excerpt":{"rendered":"<p>TODAS LAS ACTIVIDADES SE REALIZAN EN MODALIDAD ON LINE, por plataforma Zoom. PASE DE GUARDIA \u2013 8:00 a 8:30 hs. (lunes a viernes) LUNES \u2013 11:00 a 12:00 hs. Ateneo Perinatal en conjunto con Ginecolog\u00eda (Actividad Modalidad On line, por Zoom) De marzo a diciembre Doc Resp. Asist. Dra Tatiana Gagliardi MARTES \u2013 (Actividad Modalidad [&hellip;]<\/p>\n","protected":false},"author":1,"featured_media":0,"parent":0,"menu_order":0,"comment_status":"closed","ping_status":"closed","template":"","meta":{"ngg_post_thumbnail":0,"footnotes":""},"class_list":["post-43","page","type-page","status-publish","hentry"],"_links":{"self":[{"href":"https:\/\/jalkiso.com\/neonat\/index.php?rest_route=\/wp\/v2\/pages\/43","targetHints":{"allow":["GET"]}}],"collection":[{"href":"https:\/\/jalkiso.com\/neonat\/index.php?rest_route=\/wp\/v2\/pages"}],"about":[{"href":"https:\/\/jalkiso.com\/neonat\/index.php?rest_route=\/wp\/v2\/types\/page"}],"author":[{"embeddable":true,"href":"https:\/\/jalkiso.com\/neonat\/index.php?rest_route=\/wp\/v2\/users\/1"}],"replies":[{"embeddable":true,"href":"https:\/\/jalkiso.com\/neonat\/index.php?rest_route=%2Fwp%2Fv2%2Fcomments&post=43"}],"version-history":[{"count":15,"href":"https:\/\/jalkiso.com\/neonat\/index.php?rest_route=\/wp\/v2\/pages\/43\/revisions"}],"predecessor-version":[{"id":909,"href":"https:\/\/jalkiso.com\/neonat\/index.php?rest_route=\/wp\/v2\/pages\/43\/revisions\/909"}],"wp:attachment":[{"href":"https:\/\/jalkiso.com\/neonat\/index.php?rest_route=%2Fwp%2Fv2%2Fmedia&parent=43"}],"curies":[{"name":"wp","href":"https:\/\/api.w.org\/{rel}","templated":true}]}}