{"id":40,"date":"2014-09-22T21:37:33","date_gmt":"2014-09-22T21:37:33","guid":{"rendered":"http:\/\/jalkiso.com\/neonat\/?page_id=40"},"modified":"2021-07-28T04:36:07","modified_gmt":"2021-07-28T04:36:07","slug":"integrantes","status":"publish","type":"page","link":"https:\/\/jalkiso.com\/neonat\/?page_id=40","title":{"rendered":"Servicio RN"},"content":{"rendered":"<p class=\"sub_texto\"><b>LISTA DE INTEGRANTES DEL SERVICIO DE NEONATOLOGIA (ASSE)<\/b><\/p>\n<p class=\"sub_texto\"><strong>COORDINADORES ADMINISTRATIVOS Y ASISTENCIALES<\/strong><\/p>\n<p class=\"sub_texto\">Dr. Eduardo Mayans<\/p>\n<p class=\"sub_texto\">Dr. Leonardo Mac\u00edas<\/p>\n<p class=\"sub_texto\"><strong>COORDINADORES&nbsp; SERVICIO DE RECI\u00c9N NACIDOS (Titulares)<\/strong><\/p>\n<p class=\"sub_texto\">Dr. Mario Manzanares<\/p>\n<p class=\"sub_texto\"><strong>COORDINADORES&nbsp; SERVICIO DE RECI\u00c9N NACIDOS (Suplentes)<\/strong><\/p>\n<p class=\"sub_texto\">Dra. Marizel Repetto<\/p>\n<p class=\"sub_texto\">Dra. Rita Rufo<\/p>\n<p class=\"sub_texto\"><b>MEDICOS DE GUARDIA DE CTI<\/b><br \/>\nBerrondo, Conrado<\/p>\n<p class=\"sub_texto\">Boveda, Janet<\/p>\n<p class=\"sub_texto\">Caracciolo, Silvia<\/p>\n<p class=\"sub_texto\">Izsak, Alberto<\/p>\n<p class=\"sub_texto\">Reyes, Gabriela<\/p>\n<p class=\"sub_texto\">Santos, Ana<\/p>\n<p class=\"sub_texto\">Lanza, Andrea<\/p>\n<p class=\"sub_texto\">Gonz\u00e1lez, Niurka<\/p>\n<p class=\"sub_texto\">Guzzo, Florencia<\/p>\n<p class=\"sub_texto\">Bado, Agustina<\/p>\n<p class=\"sub_texto\"><b class=\"sub_texto\">UMI<\/b><\/p>\n<p class=\"sub_texto\">Berrondo, Conrado<\/p>\n<p class=\"sub_texto\">Boveda, Janet<\/p>\n<p class=\"sub_texto\">Caracciolo, Silvia<\/p>\n<p class=\"sub_texto\">Izsak Alberto<\/p>\n<p class=\"sub_texto\">Reyes Gabriela<\/p>\n<p class=\"sub_texto\">Santos Ana<\/p>\n<p class=\"sub_texto\">Lanza Andrea<\/p>\n<p class=\"sub_texto\">Gonzalez, Niurka<\/p>\n<p class=\"sub_texto\">Guzzo Florencia<\/p>\n<p class=\"sub_texto\">Bado Agustina<\/p>\n<p class=\"sub_texto\">Tambasco Ricardo<\/p>\n<p style=\"text-align: justify;\"><b>MEDICOS RESIDENTES y POSGRADOS<br \/>\n<\/b><\/p>\n<table border=\"0\" frame=\"VOID\" rules=\"NONE\" cellspacing=\"0\">\n<colgroup>\n<col width=\"231\">\n<col width=\"190\"><\/colgroup>\n<tbody>\n<tr>\n<td align=\"LEFT\" valign=\"MIDDLE\" width=\"231\" height=\"20\"><span style=\"color: #000000; font-size: medium;\">BUZZETTI, MA P\u00cdA<\/span><\/td>\n<td align=\"LEFT\" valign=\"MIDDLE\" width=\"190\"><span style=\"color: #000000; font-size: medium;\">R3<\/span><\/td>\n<\/tr>\n<tr>\n<td align=\"LEFT\" valign=\"MIDDLE\" height=\"20\"><span style=\"color: #000000; font-size: medium;\">CUNHA, JULIA<\/span><\/td>\n<td align=\"LEFT\" valign=\"MIDDLE\"><span style=\"color: #000000; font-size: medium;\">P3<\/span><\/td>\n<\/tr>\n<tr>\n<td align=\"LEFT\" valign=\"MIDDLE\" height=\"20\"><span style=\"color: #000000; font-size: medium;\">DA ROSA, DANIELE<\/span><\/td>\n<td align=\"LEFT\" valign=\"MIDDLE\"><span style=\"color: #000000; font-size: medium;\">R2<\/span><\/td>\n<\/tr>\n<tr>\n<td align=\"LEFT\" valign=\"MIDDLE\" height=\"20\"><span style=\"color: #000000; font-size: medium;\">DE FRANCO, MICAELA<\/span><\/td>\n<td align=\"LEFT\" valign=\"MIDDLE\"><span style=\"color: #000000; font-size: medium;\">R2<\/span><\/td>\n<\/tr>\n<tr>\n<td align=\"LEFT\" valign=\"MIDDLE\" height=\"20\"><span style=\"color: #000000; font-size: medium;\">FERNANDEZ, JOAQUIN<\/span><\/td>\n<td align=\"LEFT\" valign=\"MIDDLE\"><span style=\"color: #000000; font-size: medium;\">P3<\/span><\/td>\n<\/tr>\n<tr>\n<td align=\"LEFT\" valign=\"MIDDLE\" height=\"20\"><span style=\"color: #000000; font-size: medium;\">GALLO, SOLEDAD<\/span><\/td>\n<td align=\"LEFT\" valign=\"MIDDLE\"><span style=\"color: #000000; font-size: medium;\">R3<\/span><\/td>\n<\/tr>\n<tr>\n<td align=\"LEFT\" valign=\"MIDDLE\" height=\"20\"><span style=\"color: #000000; font-size: medium;\">GREISING, GABRIELA<\/span><\/td>\n<td align=\"LEFT\" valign=\"MIDDLE\"><span style=\"color: #000000; font-size: medium;\">R3<\/span><\/td>\n<\/tr>\n<tr>\n<td align=\"LEFT\" valign=\"MIDDLE\" height=\"20\"><span style=\"color: #000000; font-size: medium;\">L\u00d3PEZ, ELIANA<\/span><\/td>\n<td align=\"LEFT\" valign=\"MIDDLE\"><span style=\"color: #000000; font-size: medium;\">R3<\/span><\/td>\n<\/tr>\n<tr>\n<td align=\"LEFT\" valign=\"MIDDLE\" height=\"20\"><span style=\"color: #000000; font-size: medium;\">MASLIAH, VICTORIA<\/span><\/td>\n<td align=\"LEFT\" valign=\"MIDDLE\"><span style=\"color: #000000; font-size: medium;\">R3<\/span><\/td>\n<\/tr>\n<tr>\n<td align=\"LEFT\" valign=\"MIDDLE\" height=\"20\"><span style=\"color: #000000; font-size: medium;\">PATI\u00d1O, SOF\u00cdA<\/span><\/td>\n<td align=\"LEFT\" valign=\"MIDDLE\"><span style=\"color: #000000; font-size: medium;\">R2<\/span><\/td>\n<\/tr>\n<tr>\n<td align=\"LEFT\" valign=\"MIDDLE\" height=\"20\"><span style=\"color: #000000; font-size: medium;\">PEREZ, IGNACIO<\/span><\/td>\n<td align=\"LEFT\" valign=\"MIDDLE\"><span style=\"color: #000000; font-size: medium;\">R2<\/span><\/td>\n<\/tr>\n<tr>\n<td align=\"LEFT\" valign=\"MIDDLE\" height=\"20\"><span style=\"color: #000000; font-size: medium;\">PESCE, LIZA<\/span><\/td>\n<td align=\"LEFT\" valign=\"MIDDLE\"><span style=\"color: #000000; font-size: medium;\">R3<\/span><\/td>\n<\/tr>\n<tr>\n<td align=\"LEFT\" valign=\"MIDDLE\" height=\"20\"><span style=\"color: #000000; font-size: medium;\">PIETRO, MAXIMILIANO<\/span><\/td>\n<td align=\"LEFT\" valign=\"MIDDLE\"><span style=\"color: #000000; font-size: medium;\">R2<\/span><\/td>\n<\/tr>\n<tr>\n<td align=\"LEFT\" valign=\"MIDDLE\" height=\"20\"><span style=\"color: #000000; font-size: medium;\">PIZZORNO, NATALIA<\/span><\/td>\n<td align=\"LEFT\" valign=\"MIDDLE\"><span style=\"color: #000000; font-size: medium;\">R3<\/span><\/td>\n<\/tr>\n<tr>\n<td align=\"LEFT\" valign=\"MIDDLE\" height=\"20\"><span style=\"color: #000000; font-size: medium;\">RABAZA ROSMARY<\/span><\/td>\n<td align=\"LEFT\" valign=\"MIDDLE\"><span style=\"color: #000000; font-size: medium;\">P3<\/span><\/td>\n<\/tr>\n<tr>\n<td align=\"LEFT\" valign=\"MIDDLE\" height=\"20\"><span style=\"color: #000000; font-size: medium;\">RAMOS, VER\u00d3NICA<\/span><\/td>\n<td align=\"LEFT\" valign=\"MIDDLE\"><span style=\"color: #000000; font-size: medium;\">P3<\/span><\/td>\n<\/tr>\n<tr>\n<td align=\"LEFT\" valign=\"MIDDLE\" height=\"20\"><span style=\"color: #000000; font-size: medium;\">RU\u00cdZ D\u00cdAZ, ESTEFANI<\/span><\/td>\n<td align=\"LEFT\" valign=\"MIDDLE\"><span style=\"color: #000000; font-size: medium;\">R2<\/span><\/td>\n<\/tr>\n<tr>\n<td align=\"LEFT\" valign=\"MIDDLE\" height=\"20\"><span style=\"color: #000000; font-size: medium;\">SILVA, VANINA<\/span><\/td>\n<td align=\"LEFT\" valign=\"MIDDLE\"><span style=\"color: #000000; font-size: medium;\">R3<\/span><\/td>\n<\/tr>\n<tr>\n<td align=\"LEFT\" valign=\"MIDDLE\" height=\"20\"><span style=\"color: #000000; font-size: medium;\">UCHA, VANESSA<\/span><\/td>\n<td align=\"LEFT\" valign=\"MIDDLE\"><span style=\"color: #000000; font-size: medium;\">R2<\/span><\/td>\n<\/tr>\n<tr>\n<td align=\"LEFT\" valign=\"MIDDLE\" height=\"20\"><span style=\"color: #000000; font-size: medium;\">FABEIRO CONSTANZA<\/span><\/td>\n<td align=\"LEFT\" valign=\"MIDDLE\"><span style=\"color: #000000; font-size: medium;\">R1<\/span><\/td>\n<\/tr>\n<tr>\n<td align=\"LEFT\" valign=\"MIDDLE\" height=\"20\"><span style=\"color: #000000; font-size: medium;\">IHENFELD FLORENCIA <\/span><\/td>\n<td align=\"LEFT\" valign=\"MIDDLE\"><span style=\"color: #000000; font-size: medium;\">R1<\/span><\/td>\n<\/tr>\n<tr>\n<td align=\"LEFT\" valign=\"MIDDLE\" height=\"20\"><span style=\"color: #000000; font-size: medium;\">MACHADO FLORENCIA <\/span><\/td>\n<td align=\"LEFT\" valign=\"MIDDLE\"><span style=\"color: #000000; font-size: medium;\">R1<\/span><\/td>\n<\/tr>\n<tr>\n<td align=\"LEFT\" valign=\"MIDDLE\" height=\"20\"><span style=\"color: #000000; font-size: medium;\">FALIVENI SOF\u00cdA<\/span><\/td>\n<td align=\"LEFT\" valign=\"MIDDLE\"><span style=\"color: #000000; font-size: medium;\">R1<\/span><\/td>\n<\/tr>\n<tr>\n<td align=\"LEFT\" valign=\"MIDDLE\" height=\"20\"><span style=\"color: #000000; font-size: medium;\">RODR\u00cdGUEZ MARIANA<\/span><\/td>\n<td align=\"LEFT\" valign=\"MIDDLE\"><span style=\"color: #000000; font-size: medium;\">R1<\/span><\/td>\n<\/tr>\n<tr>\n<td align=\"LEFT\" valign=\"MIDDLE\" height=\"20\"><span style=\"color: #000000; font-size: medium;\">JELDRES CAMILA<\/span><\/td>\n<td align=\"LEFT\" valign=\"MIDDLE\"><span style=\"color: #000000; font-size: medium;\">R1<\/span><\/td>\n<\/tr>\n<tr>\n<td align=\"LEFT\" valign=\"MIDDLE\" height=\"20\"><span style=\"color: #000000; font-size: medium;\">AREOSA MAITE<\/span><\/td>\n<td align=\"LEFT\" valign=\"MIDDLE\"><span style=\"color: #000000; font-size: medium;\">R1<\/span><\/td>\n<\/tr>\n<tr>\n<td align=\"LEFT\" valign=\"MIDDLE\" height=\"20\"><span style=\"color: #000000; font-size: medium;\">RODR\u00cdGUEZ M\u00d3NICA<\/span><\/td>\n<td align=\"LEFT\" valign=\"MIDDLE\"><span style=\"color: #000000; font-size: medium;\">R1<\/span><\/td>\n<\/tr>\n<tr>\n<td align=\"LEFT\" valign=\"MIDDLE\" height=\"20\"><span style=\"color: #000000; font-size: medium;\">SEIJAS VER\u00d3NICA<\/span><\/td>\n<td align=\"LEFT\" valign=\"MIDDLE\"><span style=\"color: #000000; font-size: medium;\">R1<\/span><\/td>\n<\/tr>\n<tr>\n<td align=\"LEFT\" valign=\"MIDDLE\" height=\"20\"><span style=\"color: #000000; font-size: medium;\">L\u00d3PEZ WUILLIAM<\/span><\/td>\n<td align=\"LEFT\" valign=\"MIDDLE\"><span style=\"color: #000000; font-size: medium;\">R1<\/span><\/td>\n<\/tr>\n<tr>\n<td align=\"LEFT\" valign=\"MIDDLE\" height=\"20\"><span style=\"color: #000000; font-size: medium;\">RAM\u00cdREZ, MERCEDES<\/span><\/td>\n<td align=\"LEFT\" valign=\"MIDDLE\"><span style=\"color: #000000; font-size: medium;\">COMEPA, R3, PAYSAND\u00da<\/span><\/td>\n<\/tr>\n<tr>\n<td align=\"LEFT\" valign=\"MIDDLE\" height=\"20\"><span style=\"color: #000000; font-size: medium;\">CAMACHO, ALINSON<\/span><\/td>\n<td align=\"LEFT\" valign=\"MIDDLE\"><span style=\"color: #000000; font-size: medium;\">MALDONADO, P3, HOSP. <\/span><\/td>\n<\/tr>\n<tr>\n<td align=\"LEFT\" valign=\"MIDDLE\" height=\"20\"><span style=\"color: #000000; font-size: medium;\">NU\u00d1EZ, MA P\u00cdA<\/span><\/td>\n<td align=\"LEFT\" valign=\"MIDDLE\"><span style=\"color: #000000; font-size: medium;\">MALDONADO,R2, LA ASIST.<\/span><\/td>\n<\/tr>\n<tr>\n<td align=\"LEFT\" valign=\"MIDDLE\" height=\"20\"><span style=\"color: #000000; font-size: medium;\">CESIO, MA. EUGENIA<\/span><\/td>\n<td align=\"LEFT\" valign=\"MIDDLE\"><span style=\"color: #000000; font-size: medium;\">POLICIAL, R2, HOSP. <\/span><\/td>\n<\/tr>\n<tr>\n<td align=\"LEFT\" valign=\"MIDDLE\" height=\"20\"><span style=\"color: #000000; font-size: medium;\">PAZOS, ESTEFANY<\/span><\/td>\n<td align=\"LEFT\" valign=\"MIDDLE\"><span style=\"color: #000000; font-size: medium;\">POLICIAL, R2, HOSP. <\/span><\/td>\n<\/tr>\n<tr>\n<td align=\"LEFT\" valign=\"MIDDLE\" height=\"20\"><span style=\"color: #000000; font-size: medium;\">ALLIO, NATALIA<\/span><\/td>\n<td align=\"LEFT\" valign=\"MIDDLE\"><span style=\"color: #000000; font-size: medium;\">POLICIAL, R3, HOSPITAL<\/span><\/td>\n<\/tr>\n<tr>\n<td align=\"LEFT\" valign=\"MIDDLE\" height=\"20\"><span style=\"color: #000000; font-size: medium;\">VIANA, SEB\u00c1TI\u00c1N<\/span><\/td>\n<td align=\"LEFT\" valign=\"MIDDLE\"><span style=\"color: #000000; font-size: medium;\">SALTO, P3, HOSPITAL<\/span><\/td>\n<\/tr>\n<tr>\n<td align=\"LEFT\" valign=\"MIDDLE\" height=\"20\"><span style=\"color: #000000; font-size: medium;\">PARADA, MARIA<\/span><\/td>\n<td align=\"LEFT\" valign=\"MIDDLE\"><span style=\"color: #000000; font-size: medium;\">MALDONADO, P2, POSG.<\/span><\/td>\n<\/tr>\n<tr>\n<td align=\"LEFT\" valign=\"MIDDLE\" height=\"20\"><span style=\"color: #000000; font-size: medium;\">ARCE, ALICIA<\/span><\/td>\n<td align=\"LEFT\" valign=\"MIDDLE\"><span style=\"color: #000000; font-size: medium;\">SALTO, R2, HOSPITAL<\/span><\/td>\n<\/tr>\n<tr>\n<td align=\"LEFT\" valign=\"MIDDLE\" height=\"20\"><span style=\"color: #000000; font-size: medium;\">BERTUA, ELIANA<\/span><\/td>\n<td align=\"LEFT\" valign=\"MIDDLE\"><span style=\"color: #000000; font-size: medium;\">SALTO, R3, HOSPITAL<\/span><\/td>\n<\/tr>\n<tr>\n<td align=\"LEFT\" valign=\"MIDDLE\" height=\"20\"><span style=\"color: #000000; font-size: medium;\">TAVAREZ EMILIA<\/span><\/td>\n<td align=\"LEFT\" valign=\"MIDDLE\"><span style=\"color: #000000; font-size: medium;\">POLICIAL, R1.<\/span><\/td>\n<\/tr>\n<tr>\n<td align=\"LEFT\" valign=\"MIDDLE\" height=\"20\"><span style=\"color: #000000; font-size: medium;\">RIBERO VIRGINIA<\/span><\/td>\n<td align=\"LEFT\" valign=\"MIDDLE\"><span style=\"color: #000000; font-size: medium;\">POLICIAL, R1.<\/span><\/td>\n<\/tr>\n<\/tbody>\n<\/table>\n<p><b>DOCENTES&nbsp;&nbsp; (FACULTAD DE MEDICINA\/UDELAR)<\/b><br \/>\nProf. Dr. Daniel Borbonet<br \/>\nProf. Agdo. Dr. Mario Moraes&nbsp;&nbsp;&nbsp;&nbsp;&nbsp;&nbsp;&nbsp;&nbsp;&nbsp;&nbsp;&nbsp;&nbsp;&nbsp;&nbsp;&nbsp;&nbsp;&nbsp;&nbsp;&nbsp;&nbsp;&nbsp;&nbsp;&nbsp;&nbsp;&nbsp;&nbsp;&nbsp;&nbsp;&nbsp;&nbsp;&nbsp;&nbsp;&nbsp;&nbsp;&nbsp;&nbsp;&nbsp;&nbsp;&nbsp;&nbsp;&nbsp;&nbsp;&nbsp;&nbsp;&nbsp;&nbsp;&nbsp;&nbsp;&nbsp;&nbsp;&nbsp;&nbsp;&nbsp;&nbsp;&nbsp;&nbsp;&nbsp;&nbsp;&nbsp;&nbsp;&nbsp;&nbsp;&nbsp;&nbsp;&nbsp;&nbsp;&nbsp;&nbsp;&nbsp;&nbsp;&nbsp;&nbsp;&nbsp;&nbsp;&nbsp;&nbsp;&nbsp;&nbsp;&nbsp;&nbsp;&nbsp;&nbsp;&nbsp;&nbsp;&nbsp;&nbsp;&nbsp;&nbsp;&nbsp;&nbsp;&nbsp;&nbsp;&nbsp;&nbsp;&nbsp;&nbsp;&nbsp;&nbsp;&nbsp;&nbsp;&nbsp;&nbsp;&nbsp;&nbsp;&nbsp;&nbsp;&nbsp;&nbsp;&nbsp;&nbsp;&nbsp;&nbsp;&nbsp;&nbsp;&nbsp;&nbsp;&nbsp;&nbsp;&nbsp;&nbsp;&nbsp;&nbsp;&nbsp;&nbsp;&nbsp;&nbsp;&nbsp;&nbsp;&nbsp;&nbsp;&nbsp;&nbsp;&nbsp;&nbsp;&nbsp;&nbsp;&nbsp;&nbsp;&nbsp;&nbsp;&nbsp;&nbsp;&nbsp;&nbsp;&nbsp;&nbsp;&nbsp;&nbsp;&nbsp;&nbsp;&nbsp;&nbsp;&nbsp; Prof. Adj. Dra. Helena Sobrero<br \/>\nProf. Agdo. (Int) Dr. Fernando Silvera&nbsp;&nbsp;&nbsp;&nbsp;&nbsp;&nbsp;&nbsp;&nbsp;&nbsp;&nbsp;&nbsp;&nbsp;&nbsp;&nbsp;&nbsp;&nbsp;&nbsp;&nbsp;&nbsp;&nbsp;&nbsp;&nbsp;&nbsp;&nbsp;&nbsp;&nbsp;&nbsp;&nbsp;&nbsp;&nbsp;&nbsp;&nbsp;&nbsp;&nbsp;&nbsp;&nbsp;&nbsp;&nbsp;&nbsp;&nbsp;&nbsp;&nbsp;&nbsp;&nbsp;&nbsp;&nbsp;&nbsp;&nbsp;&nbsp;&nbsp;&nbsp;&nbsp;&nbsp;&nbsp;&nbsp;&nbsp;&nbsp;&nbsp;&nbsp;&nbsp;&nbsp;&nbsp;&nbsp;&nbsp;&nbsp;&nbsp;&nbsp;&nbsp;&nbsp;&nbsp;&nbsp;&nbsp;&nbsp;&nbsp;&nbsp;&nbsp;&nbsp;&nbsp;&nbsp;&nbsp;&nbsp;&nbsp;&nbsp;&nbsp;&nbsp;&nbsp;&nbsp;&nbsp;&nbsp;&nbsp;&nbsp;&nbsp;&nbsp;&nbsp;&nbsp;&nbsp;&nbsp;&nbsp;&nbsp;&nbsp;&nbsp;&nbsp;&nbsp;&nbsp;&nbsp;&nbsp;&nbsp;&nbsp;&nbsp;&nbsp;&nbsp;&nbsp;&nbsp;&nbsp;&nbsp;&nbsp;&nbsp;&nbsp;&nbsp;&nbsp;&nbsp;&nbsp;&nbsp;&nbsp;&nbsp;&nbsp;&nbsp;&nbsp;&nbsp;&nbsp;&nbsp;&nbsp;&nbsp;&nbsp;&nbsp;&nbsp;&nbsp;&nbsp;&nbsp;&nbsp;&nbsp;&nbsp;&nbsp; Prof. Adj. (L) Dr. Guillermo Pose<br \/>\nProf. Adj. (Int) Dr. Juan Pablo Gesuele<\/p>\n<p>Asist. Dra. Claudia Mill\u00e1n<\/p>\n<p>Asist. Dra. Gabriela Vidal<\/p>\n<p>Asist. Dra.&nbsp; Tatiana Gagliardi<\/p>\n<p>Asist. Dra. Agustina Bado<br \/>\nAsist. Dra. Catalina Vaz Ferreira<br \/>\nAsist. (Int)Dr. \u00c1lvaro Dendi<\/p>\n<p>Asist. (Int) Dra. Anal\u00eda Balerio<\/p>\n<p>Asist. (Int)&nbsp; Dr. Andr\u00e9s Vigna<\/p>\n<p class=\"sub_texto\"><strong>Jefa de Residentes<\/strong><\/p>\n<p class=\"sub_texto\">Dra. Jennise De los Santos<\/p>\n<p class=\"sub_texto\">Dr. Mart\u00edn Lorenzo<\/p>\n<p class=\"sub_texto\">Doc. Hon. Dra. Marizel Repetto<\/p>\n<p class=\"sub_texto\">&nbsp;<\/p>\n<h3>Im\u00e1genes Relacionadas:<\/h3>","protected":false},"excerpt":{"rendered":"<p>LISTA DE INTEGRANTES DEL SERVICIO DE NEONATOLOGIA (ASSE) COORDINADORES ADMINISTRATIVOS Y ASISTENCIALES Dr. Eduardo Mayans Dr. Leonardo Mac\u00edas COORDINADORES&nbsp; SERVICIO DE RECI\u00c9N NACIDOS (Titulares) Dr. Mario Manzanares COORDINADORES&nbsp; SERVICIO DE RECI\u00c9N NACIDOS (Suplentes) Dra. Marizel Repetto Dra. Rita Rufo MEDICOS DE GUARDIA DE CTI Berrondo, Conrado Boveda, Janet Caracciolo, Silvia Izsak, Alberto Reyes, Gabriela Santos, [&hellip;]<\/p>\n","protected":false},"author":1,"featured_media":0,"parent":0,"menu_order":0,"comment_status":"closed","ping_status":"closed","template":"","meta":{"ngg_post_thumbnail":0,"footnotes":""},"class_list":["post-40","page","type-page","status-publish","hentry"],"_links":{"self":[{"href":"https:\/\/jalkiso.com\/neonat\/index.php?rest_route=\/wp\/v2\/pages\/40","targetHints":{"allow":["GET"]}}],"collection":[{"href":"https:\/\/jalkiso.com\/neonat\/index.php?rest_route=\/wp\/v2\/pages"}],"about":[{"href":"https:\/\/jalkiso.com\/neonat\/index.php?rest_route=\/wp\/v2\/types\/page"}],"author":[{"embeddable":true,"href":"https:\/\/jalkiso.com\/neonat\/index.php?rest_route=\/wp\/v2\/users\/1"}],"replies":[{"embeddable":true,"href":"https:\/\/jalkiso.com\/neonat\/index.php?rest_route=%2Fwp%2Fv2%2Fcomments&post=40"}],"version-history":[{"count":30,"href":"https:\/\/jalkiso.com\/neonat\/index.php?rest_route=\/wp\/v2\/pages\/40\/revisions"}],"predecessor-version":[{"id":877,"href":"https:\/\/jalkiso.com\/neonat\/index.php?rest_route=\/wp\/v2\/pages\/40\/revisions\/877"}],"wp:attachment":[{"href":"https:\/\/jalkiso.com\/neonat\/index.php?rest_route=%2Fwp%2Fv2%2Fmedia&parent=40"}],"curies":[{"name":"wp","href":"https:\/\/api.w.org\/{rel}","templated":true}]}}