{"id":32,"date":"2014-09-22T21:27:58","date_gmt":"2014-09-22T21:27:58","guid":{"rendered":"http:\/\/jalkiso.com\/neonat\/?page_id=32"},"modified":"2016-01-05T16:38:45","modified_gmt":"2016-01-05T16:38:45","slug":"sobre-nosotros","status":"publish","type":"page","link":"https:\/\/jalkiso.com\/neonat\/?page_id=32","title":{"rendered":"Sobre nosotros"},"content":{"rendered":"<p>El departamento de Neonatolog\u00eda a cargo del Prof Dr. Daniel Borbonet, se ubica en el Hospital de la mujer Dra. Paulina Luisi, dentro del Centro Hospitalario Pereira Rossell, de la ciudad de Montevideo, capital de la Rep\u00fablica Oriental del Uruguay.<\/p>\n<p>En el Uruguay nacen alrededor de 47000 ni\u00f1os por a\u00f1o. De los cuales unos 8000 nacen en el Centro Hospitalario Pereira Rossell. De \u00e9stos nacimientos, un 12 % nacen en forma prematura.<\/p>\n<p>El Servicio de Reci\u00e9n Nacidos cuenta con m\u00e1s de 90 \u00e1reas de alojamiento madre hijo, donde se asiste al binomio de una manera integral, donde comparten el trabajo m\u00e9dicos, internos, enfermeros, parteras y donde adem\u00e1s acuden diariamente estudiantes de enfermer\u00eda, escuela de parteras, nutrici\u00f3n y medicina, tanto pregrados como posgrados de Pediatr\u00eda y de Neonatolog\u00eda. En cuanto a las \u00e1reas de internaci\u00f3n existen 34 \u00e1reas de cuidados moderados, 28 \u00e1reas de cuidados intermedios y 16 \u00e1reas de cuidado intensivo.<\/p>\n<p>La asistencia del reci\u00e9n nacido cobra vital importancia en la medida que est\u00e1 \u00edntimamente relacionada con el componente neonatal de la mortalidad infantil, en sus 2 subcomponentes el neonatal precoz (en los primeros 7 dias de vida) y el neonatal tard\u00edo (hasta los 29 d\u00ecas de vida).<\/p>\n<p>La c\u00e1tedra de Neonatolog\u00eda del Hospital Pereira Rossell participa en la formaci\u00f3n de muchos de los &#8220;actores&#8221; implicados en la asistencia del reci\u00e9n nacido: estudiantes de medicina, donde nos hemos planteado como uno de nuestros principales objetivos, capacitar al M\u00e9dico general en la atenci\u00f3n inmediata del reci\u00e9n nacido sano, y reanimaci\u00f3n del reci\u00e9n nacido deprimido, mediante actividad de recepci\u00f3n en block de partos, talleres de reanimaci\u00f3n con mu\u00f1ecos de RCP de alt\u00edsimo nivel y material virtual, con videos ilustrativos y talleres, as\u00ed como en la capacitaci\u00f3n en la prevenci\u00f3n ,diagn\u00f3stico y asistencia de aquellas patolog\u00edas m\u00e1s observadas en las primeras horas y d\u00edas de vida, teniendo una relevante importancia, la puericultura y lactancia.<\/p>\n<p>Particpa en la formaci\u00f3n y capacitaci\u00f3n de Pediatras, donde se exige un m\u00ednimo de asistencia de partos y altas de alojamiento madre hijo, adem\u00e1s del cumplimiento de las horas de asistencia en sala y guardias, as\u00ed como su activa participaci\u00f3n en seminarios y talleres de gran nivel donde se presentan temas imprescindibles para la adecuada formaci\u00f3n del pediatra. El objetivo es capacitar al pediatra en el manejo de una sala de alojamiento madre hijo, saber distinguir cu\u00e1les son los ni\u00f1os con patolog\u00eda que pueda requerir un mayor nivel de complejidad implementando las primeras medidas terap\u00e9uticas, y la asistencia inmediata del reci\u00e9n nacido sano y al reci\u00e9n nacido con las patolog\u00edas m\u00e1s comunes.<\/p>\n<p>En nuestro departamento tambi\u00e9n se forman Neonat\u00f3logos, cuya actividad se divide en actividad de guardias en CTI, actividad ac\u00e1demica en m\u00f3dulos de hemodinamia, ventilaci\u00f3n y nutrici\u00f3n del reci\u00e9n nacido, brindadas por docentes , donde el objetivo es la capacitaci\u00f3n del especialista en el manejo del reci\u00e9n nacido cr\u00ectico en el \u00e1rea de cuidado intensivo en forma global.<\/p>\n<p>Adem\u00e1s se desarrollan a diario distintas actividades para los diferentes niveles en formaci\u00f3n: pases de guardia con equipo de salud mental y servicio social, Round cl\u00ednicos, presentaci\u00f3n de seminarios, Round de pacientes quirurgicos, ateneos de anatomia patol\u00f3gica, talleres de imagenolog\u00eda, pases de guardia en conjunto con obstetras, ateneo perinatal y ateneos intercl\u00ednicos con pediatras y sus respectivas subespecialidades.<\/p>\n<iframe src=\"\/\/docs.google.com\/viewer?url=http%3A%2F%2Fjalkiso.com%2Fneonat%2Fwp-content%2Fuploads%2F2014%2F09%2FFotos.pdf&hl=es&embedded=true\" class=\"gde-frame\" style=\"width:98%; height:500px; border: none;\" scrolling=\"no\"><\/iframe>\n<p class=\"gde-text\"><a href=\"http:\/\/jalkiso.com\/neonat\/wp-content\/uploads\/2014\/09\/Fotos.pdf\" class=\"gde-link\">Descargar (PDF, Desconocido)<\/a><\/p>\n<p>&nbsp;<\/p>\n<h3>Im\u00e1genes Relacionadas:<\/h3>","protected":false},"excerpt":{"rendered":"<p>El departamento de Neonatolog\u00eda a cargo del Prof Dr. Daniel Borbonet, se ubica en el Hospital de la mujer Dra. Paulina Luisi, dentro del Centro Hospitalario Pereira Rossell, de la ciudad de Montevideo, capital de la Rep\u00fablica Oriental del Uruguay. En el Uruguay nacen alrededor de 47000 ni\u00f1os por a\u00f1o. De los cuales unos 8000 [&hellip;]<\/p>\n","protected":false},"author":1,"featured_media":0,"parent":0,"menu_order":0,"comment_status":"open","ping_status":"open","template":"","meta":{"ngg_post_thumbnail":0,"footnotes":""},"class_list":["post-32","page","type-page","status-publish","hentry"],"_links":{"self":[{"href":"https:\/\/jalkiso.com\/neonat\/index.php?rest_route=\/wp\/v2\/pages\/32","targetHints":{"allow":["GET"]}}],"collection":[{"href":"https:\/\/jalkiso.com\/neonat\/index.php?rest_route=\/wp\/v2\/pages"}],"about":[{"href":"https:\/\/jalkiso.com\/neonat\/index.php?rest_route=\/wp\/v2\/types\/page"}],"author":[{"embeddable":true,"href":"https:\/\/jalkiso.com\/neonat\/index.php?rest_route=\/wp\/v2\/users\/1"}],"replies":[{"embeddable":true,"href":"https:\/\/jalkiso.com\/neonat\/index.php?rest_route=%2Fwp%2Fv2%2Fcomments&post=32"}],"version-history":[{"count":6,"href":"https:\/\/jalkiso.com\/neonat\/index.php?rest_route=\/wp\/v2\/pages\/32\/revisions"}],"predecessor-version":[{"id":294,"href":"https:\/\/jalkiso.com\/neonat\/index.php?rest_route=\/wp\/v2\/pages\/32\/revisions\/294"}],"wp:attachment":[{"href":"https:\/\/jalkiso.com\/neonat\/index.php?rest_route=%2Fwp%2Fv2%2Fmedia&parent=32"}],"curies":[{"name":"wp","href":"https:\/\/api.w.org\/{rel}","templated":true}]}}